{"id":14488,"date":"2019-12-28T08:56:21","date_gmt":"2019-12-28T08:56:21","guid":{"rendered":"https:\/\/www.ingavalerie.com\/?page_id=14488"},"modified":"2020-01-11T11:13:22","modified_gmt":"2020-01-11T11:13:22","slug":"retragere","status":"publish","type":"page","link":"https:\/\/www.ingavalerie.com\/en\/retragere\/","title":{"rendered":"WITHDRAWAL"},"content":{"rendered":"<div class=\"wpb-content-wrapper\"><div class=\"vc_row wpb_row vc_row-fluid\"><div class=\"wpb_column vc_column_container vc_col-sm-12\"><div class=\"vc_column-inner\"><div class=\"wpb_wrapper\">\n\t<div class=\"wpb_text_column wpb_content_element\" >\n\t\t<div class=\"wpb_wrapper\">\n\t\t\t<h2><strong>WITHDRAWAL<\/strong><\/h2>\n<p>The consumer will be able to withdraw from the contract, respectively will be able to return a product or give up a service, within 14 calendar days from its signing, without invoking any reason and without incurring costs other than delivery.<\/p>\n<p>Thus, according to GEO no. 34\/2014, the period of returning a product or giving up a service expires within 14 days from the day when the consumer enters into the physical possession of the ordered product.<\/p>\n<p>To withdraw from the contract, we provide the following methods:<\/p>\n<p>through the website, the Return Information section;<br \/>\nyou can print and complete the following document:<a href=\"https:\/\/www.ingavalerie.com\/wp-content\/uploads\/2019\/12\/formular-de-renuntare-din-contract-INGAVALERIE.pdf\">DOWNLOAD FORM<\/a>);<\/p>\n<p>you can scan the form and send it to the e-mail address: comenzi@ingavalerie.com.<br \/>\nWe recommend that you include the order number or invoice number, as well as the bank account number (specifying the name of the holder) to which the refund is to be made. By law, a clear statement of your withdrawal from the procurement contract in question is required.<\/p>\n<p>Effects of withdrawal from the contract<\/p>\n<p>Following the withdrawal from the contract, we will reimburse you for all payments made, without exceeding the due date and, in any case, no later than 30 calendar days from the date we were informed of the decision to withdraw from the contract. Reimbursement will be made by bank transfer.<\/p>\n<p>We reserve the right to defer reimbursement until the date of receipt of the products that were the subject of the sale.<\/p>\n<p>The direct costs related to the return of the products will be borne by the buyer.<\/p>\n<p>In addition, the consumer is also responsible for the additional costs involved in a different type of delivery than that used by www.ingavalerie.com;<\/p>\n<p>With regard to the transfer of risks, the consumer takes the risk of losing or damaging the products when he has acquired their physical possession. Exceptionally, the risks are transferred to the consumer at the time of delivery of the products to the carrier of his choice.<\/p>\n\n\t\t<\/div>\n\t<\/div>\n<\/div><\/div><\/div><\/div>\n<\/div>","protected":false},"excerpt":{"rendered":"Dreptul de retragere din contract Consumatorul se va putea retrage din contract, respectiv va putea returna un produs sau renun\u021ba la un serviciu, \u00een termen de 14 zile calendaristice de la semnarea acestuia, f\u0103r\u0103 invocarea niciunui motiv \u0219i f\u0103r\u0103 a suporta alte costuri dec\u00e2t cele de livrare. Astfel, potrivit OUG nr 34\/2014, perioada de returnare [...]","protected":false},"author":1,"featured_media":0,"parent":0,"menu_order":0,"comment_status":"closed","ping_status":"closed","template":"","meta":{"footnotes":""},"yoast_head":"<!-- This site is optimized with the Yoast SEO plugin v23.0 - https:\/\/yoast.com\/wordpress\/plugins\/seo\/ -->\n<title>RETRAGERE - Inga Valerie<\/title>\n<meta name=\"robots\" content=\"index, follow, max-snippet:-1, max-image-preview:large, max-video-preview:-1\" \/>\n<link rel=\"canonical\" href=\"https:\/\/www.ingavalerie.com\/en\/retragere\/\" \/>\n<meta property=\"og:locale\" content=\"en_US\" \/>\n<meta property=\"og:type\" content=\"article\" \/>\n<meta property=\"og:title\" content=\"RETRAGERE - Inga Valerie\" \/>\n<meta property=\"og:url\" content=\"https:\/\/www.ingavalerie.com\/en\/retragere\/\" \/>\n<meta property=\"og:site_name\" content=\"Inga Valerie\" \/>\n<meta property=\"article:publisher\" content=\"https:\/\/www.facebook.com\/ingavalerie.ro\/?ref=br_rs\" \/>\n<meta property=\"article:modified_time\" content=\"2020-01-11T11:13:22+00:00\" \/>\n<meta name=\"twitter:card\" content=\"summary_large_image\" \/>\n<meta name=\"twitter:label1\" content=\"Est. reading time\" \/>\n\t<meta name=\"twitter:data1\" content=\"2 minutes\" \/>\n<script type=\"application\/ld+json\" class=\"yoast-schema-graph\">{\"@context\":\"https:\/\/schema.org\",\"@graph\":[{\"@type\":\"WebPage\",\"@id\":\"https:\/\/www.ingavalerie.com\/en\/retragere\/\",\"url\":\"https:\/\/www.ingavalerie.com\/en\/retragere\/\",\"name\":\"RETRAGERE - Inga Valerie\",\"isPartOf\":{\"@id\":\"https:\/\/www.ingavalerie.com\/#website\"},\"datePublished\":\"2019-12-28T08:56:21+00:00\",\"dateModified\":\"2020-01-11T11:13:22+00:00\",\"breadcrumb\":{\"@id\":\"https:\/\/www.ingavalerie.com\/en\/retragere\/#breadcrumb\"},\"inLanguage\":\"en-US\",\"potentialAction\":[{\"@type\":\"ReadAction\",\"target\":[\"https:\/\/www.ingavalerie.com\/en\/retragere\/\"]}]},{\"@type\":\"BreadcrumbList\",\"@id\":\"https:\/\/www.ingavalerie.com\/en\/retragere\/#breadcrumb\",\"itemListElement\":[{\"@type\":\"ListItem\",\"position\":1,\"name\":\"Prima pagin\u0103\",\"item\":\"https:\/\/www.ingavalerie.com\/\"},{\"@type\":\"ListItem\",\"position\":2,\"name\":\"RETRAGERE\"}]},{\"@type\":\"WebSite\",\"@id\":\"https:\/\/www.ingavalerie.com\/#website\",\"url\":\"https:\/\/www.ingavalerie.com\/\",\"name\":\"Inga Valerie\",\"description\":\"Inga Valerie\",\"publisher\":{\"@id\":\"https:\/\/www.ingavalerie.com\/#organization\"},\"potentialAction\":[{\"@type\":\"SearchAction\",\"target\":{\"@type\":\"EntryPoint\",\"urlTemplate\":\"https:\/\/www.ingavalerie.com\/?s={search_term_string}\"},\"query-input\":\"required name=search_term_string\"}],\"inLanguage\":\"en-US\"},{\"@type\":\"Organization\",\"@id\":\"https:\/\/www.ingavalerie.com\/#organization\",\"name\":\"Inga Valerie\",\"url\":\"https:\/\/www.ingavalerie.com\/\",\"logo\":{\"@type\":\"ImageObject\",\"inLanguage\":\"en-US\",\"@id\":\"https:\/\/www.ingavalerie.com\/#\/schema\/logo\/image\/\",\"url\":\"https:\/\/www.ingavalerie.com\/wp-content\/uploads\/2022\/09\/Inga-Valerie-Black-Trademark-Logo.png\",\"contentUrl\":\"https:\/\/www.ingavalerie.com\/wp-content\/uploads\/2022\/09\/Inga-Valerie-Black-Trademark-Logo.png\",\"width\":1000,\"height\":534,\"caption\":\"Inga Valerie\"},\"image\":{\"@id\":\"https:\/\/www.ingavalerie.com\/#\/schema\/logo\/image\/\"},\"sameAs\":[\"https:\/\/www.facebook.com\/ingavalerie.ro\/?ref=br_rs\",\"https:\/\/www.instagram.com\/inga.valerie\/\",\"https:\/\/www.youtube.com\/channel\/UChFLSttydbrfvI1Wf2SZzaQ\"]}]}<\/script>\n<!-- \/ Yoast SEO plugin. -->","yoast_head_json":{"title":"RETRAGERE - Inga Valerie","robots":{"index":"index","follow":"follow","max-snippet":"max-snippet:-1","max-image-preview":"max-image-preview:large","max-video-preview":"max-video-preview:-1"},"canonical":"https:\/\/www.ingavalerie.com\/en\/retragere\/","og_locale":"en_US","og_type":"article","og_title":"RETRAGERE - Inga Valerie","og_url":"https:\/\/www.ingavalerie.com\/en\/retragere\/","og_site_name":"Inga Valerie","article_publisher":"https:\/\/www.facebook.com\/ingavalerie.ro\/?ref=br_rs","article_modified_time":"2020-01-11T11:13:22+00:00","twitter_card":"summary_large_image","twitter_misc":{"Est. reading time":"2 minutes"},"schema":{"@context":"https:\/\/schema.org","@graph":[{"@type":"WebPage","@id":"https:\/\/www.ingavalerie.com\/en\/retragere\/","url":"https:\/\/www.ingavalerie.com\/en\/retragere\/","name":"RETRAGERE - Inga Valerie","isPartOf":{"@id":"https:\/\/www.ingavalerie.com\/#website"},"datePublished":"2019-12-28T08:56:21+00:00","dateModified":"2020-01-11T11:13:22+00:00","breadcrumb":{"@id":"https:\/\/www.ingavalerie.com\/en\/retragere\/#breadcrumb"},"inLanguage":"en-US","potentialAction":[{"@type":"ReadAction","target":["https:\/\/www.ingavalerie.com\/en\/retragere\/"]}]},{"@type":"BreadcrumbList","@id":"https:\/\/www.ingavalerie.com\/en\/retragere\/#breadcrumb","itemListElement":[{"@type":"ListItem","position":1,"name":"Prima pagin\u0103","item":"https:\/\/www.ingavalerie.com\/"},{"@type":"ListItem","position":2,"name":"RETRAGERE"}]},{"@type":"WebSite","@id":"https:\/\/www.ingavalerie.com\/#website","url":"https:\/\/www.ingavalerie.com\/","name":"Inga Valerie","description":"Inga Valerie","publisher":{"@id":"https:\/\/www.ingavalerie.com\/#organization"},"potentialAction":[{"@type":"SearchAction","target":{"@type":"EntryPoint","urlTemplate":"https:\/\/www.ingavalerie.com\/?s={search_term_string}"},"query-input":"required name=search_term_string"}],"inLanguage":"en-US"},{"@type":"Organization","@id":"https:\/\/www.ingavalerie.com\/#organization","name":"Inga Valerie","url":"https:\/\/www.ingavalerie.com\/","logo":{"@type":"ImageObject","inLanguage":"en-US","@id":"https:\/\/www.ingavalerie.com\/#\/schema\/logo\/image\/","url":"https:\/\/www.ingavalerie.com\/wp-content\/uploads\/2022\/09\/Inga-Valerie-Black-Trademark-Logo.png","contentUrl":"https:\/\/www.ingavalerie.com\/wp-content\/uploads\/2022\/09\/Inga-Valerie-Black-Trademark-Logo.png","width":1000,"height":534,"caption":"Inga Valerie"},"image":{"@id":"https:\/\/www.ingavalerie.com\/#\/schema\/logo\/image\/"},"sameAs":["https:\/\/www.facebook.com\/ingavalerie.ro\/?ref=br_rs","https:\/\/www.instagram.com\/inga.valerie\/","https:\/\/www.youtube.com\/channel\/UChFLSttydbrfvI1Wf2SZzaQ"]}]}},"_links":{"self":[{"href":"https:\/\/www.ingavalerie.com\/en\/wp-json\/wp\/v2\/pages\/14488"}],"collection":[{"href":"https:\/\/www.ingavalerie.com\/en\/wp-json\/wp\/v2\/pages"}],"about":[{"href":"https:\/\/www.ingavalerie.com\/en\/wp-json\/wp\/v2\/types\/page"}],"author":[{"embeddable":true,"href":"https:\/\/www.ingavalerie.com\/en\/wp-json\/wp\/v2\/users\/1"}],"replies":[{"embeddable":true,"href":"https:\/\/www.ingavalerie.com\/en\/wp-json\/wp\/v2\/comments?post=14488"}],"version-history":[{"count":7,"href":"https:\/\/www.ingavalerie.com\/en\/wp-json\/wp\/v2\/pages\/14488\/revisions"}],"predecessor-version":[{"id":14572,"href":"https:\/\/www.ingavalerie.com\/en\/wp-json\/wp\/v2\/pages\/14488\/revisions\/14572"}],"wp:attachment":[{"href":"https:\/\/www.ingavalerie.com\/en\/wp-json\/wp\/v2\/media?parent=14488"}],"curies":[{"name":"wp","href":"https:\/\/api.w.org\/{rel}","templated":true}]}}