{"id":12854,"date":"2019-04-02T19:48:43","date_gmt":"2019-04-02T19:48:43","guid":{"rendered":"https:\/\/ingavalerie.com\/?post_type=product&#038;p=12854"},"modified":"2022-09-29T19:05:03","modified_gmt":"2022-09-29T19:05:03","slug":"trening-dama-urban-chic-din-catifea-negru-cu-gluga","status":"publish","type":"product","link":"https:\/\/www.ingavalerie.com\/en\/product\/trening-dama-urban-chic-din-catifea-negru-cu-gluga\/","title":{"rendered":"Urban chic black velvet sport suit"},"content":{"rendered":"Trening de dam\u0103 din catifea negru, moale. Bluz\u0103 cu glug\u0103 nedeta\u0219abil\u0103 c\u0103ptu\u0219it\u0103 cu material cu imprimeu multicolor. \u00cenchidere pe fa\u021b\u0103 cu fermoar auriu. Buzunare sunt cusute pe laterale cu acces liber. Interior buzunare cu material cu imprimeu multicolor. M\u00e2neci cu man\u0219ete late. Baza bluzei de trening elastic\u0103. Pantaloni de trening cu betelie elastic\u0103. Croial\u0103 conic\u0103.","protected":false},"excerpt":{"rendered":"<p>Black velvet sport suit. Blouse with hood and unlined with multicolor print. Front gold zip closure. Open side pockets. Multicolored print inside. Long sleeve with large edge. Elastic base. Long conical leg with side pockets.<br \/>\nTrousers with elastic waistband. Conical leg.<\/p>\n<p>Color: Black.<\/p>\n<p>Compozi\u021bie: 95% Bumbac 5% Elastan. 83% V\u00e2scoz\u0103. 17% Poliamid\u0103.<\/p>\n<p>Model wears size 38.<\/p>\n<p>Bust size: 88cm<br \/>\nHeight size: 178 cm<br \/>\nHip size: 92 cm<br \/>\nWaist size: 62 cm<\/p>\n<p><a href=\"https:\/\/ingavalerie.com\/wp-content\/uploads\/2019\/02\/costumes.jpg\" target=\"popup\" rel=\"noopener noreferrer\"><br \/>\n<strong>Check out our size guide<\/strong><br \/>\n<\/a><\/p>\n<p><a href=\"mailto:comenzi@ingavalerie.com\"><span style=\"color: black;\">Questions on Email<\/span><\/a><\/p>","protected":false},"featured_media":17651,"template":"","meta":[],"product_cat":[76,116],"product_tag":[],"yoast_head":"<!-- This site is optimized with the Yoast SEO plugin v23.0 - https:\/\/yoast.com\/wordpress\/plugins\/seo\/ -->\n<title>Trening dam\u0103 urban-chic din catifea negru cu glug\u0103 - Inga Valerie<\/title>\n<meta name=\"robots\" content=\"index, follow, max-snippet:-1, max-image-preview:large, max-video-preview:-1\" \/>\n<link rel=\"canonical\" href=\"https:\/\/www.ingavalerie.com\/en\/product\/trening-dama-urban-chic-din-catifea-negru-cu-gluga\/\" \/>\n<meta property=\"og:locale\" content=\"en_US\" \/>\n<meta property=\"og:type\" content=\"article\" \/>\n<meta property=\"og:title\" content=\"Trening dam\u0103 urban-chic din catifea negru cu glug\u0103 - Inga Valerie\" \/>\n<meta property=\"og:description\" content=\"Trening de dam\u0103 din catifea negru, moale. Bluz\u0103 cu glug\u0103 nedeta\u0219abil\u0103 c\u0103ptu\u0219it\u0103 cu material cu imprimeu multicolor. \u00cenchidere pe fa\u021b\u0103 cu fermoar auriu. Buzunare cusute pe laterale cu acces liber. Interior buzunare cu material cu imprimeu multicolor. M\u00e2neci cu man\u0219ete late. Baza bluzei de trening elastic\u0103. Pantaloni de trening cu betelie elastic\u0103. Croial\u0103 conic\u0103.  Culoare: Negru.  Compozi\u021bie: 95% Bumbac 5% Elastan. 83% V\u00e2scoz\u0103. 17% Poliamid\u0103.  Modelul poarta marimea 38.  Bust: 88 cm Inaltime: 178 cm Solduri: 92 cm Talie: 62 cm    VEZI TABELUL DE M\u0102RIMI   \u00ceNTREB\u0102RI-EMAIL\" \/>\n<meta property=\"og:url\" content=\"https:\/\/www.ingavalerie.com\/en\/product\/trening-dama-urban-chic-din-catifea-negru-cu-gluga\/\" \/>\n<meta property=\"og:site_name\" content=\"Inga Valerie\" \/>\n<meta property=\"article:publisher\" content=\"https:\/\/www.facebook.com\/ingavalerie.ro\/?ref=br_rs\" \/>\n<meta property=\"article:modified_time\" content=\"2022-09-29T19:05:03+00:00\" \/>\n<meta property=\"og:image\" content=\"https:\/\/www.ingavalerie.com\/wp-content\/uploads\/2020\/11\/DSC09755.1-scaled.jpg\" \/>\n\t<meta property=\"og:image:width\" content=\"2208\" \/>\n\t<meta property=\"og:image:height\" content=\"2560\" \/>\n\t<meta property=\"og:image:type\" content=\"image\/jpeg\" \/>\n<meta name=\"twitter:card\" content=\"summary_large_image\" \/>\n<script type=\"application\/ld+json\" class=\"yoast-schema-graph\">{\"@context\":\"https:\/\/schema.org\",\"@graph\":[{\"@type\":\"WebPage\",\"@id\":\"https:\/\/www.ingavalerie.com\/product\/trening-dama-urban-chic-din-catifea-negru-cu-gluga\/\",\"url\":\"https:\/\/www.ingavalerie.com\/product\/trening-dama-urban-chic-din-catifea-negru-cu-gluga\/\",\"name\":\"Trening dam\u0103 urban-chic din catifea negru cu glug\u0103 - Inga Valerie\",\"isPartOf\":{\"@id\":\"https:\/\/www.ingavalerie.com\/#website\"},\"primaryImageOfPage\":{\"@id\":\"https:\/\/www.ingavalerie.com\/product\/trening-dama-urban-chic-din-catifea-negru-cu-gluga\/#primaryimage\"},\"image\":{\"@id\":\"https:\/\/www.ingavalerie.com\/product\/trening-dama-urban-chic-din-catifea-negru-cu-gluga\/#primaryimage\"},\"thumbnailUrl\":\"https:\/\/www.ingavalerie.com\/wp-content\/uploads\/2020\/11\/DSC09755.1-scaled.jpg\",\"datePublished\":\"2019-04-02T19:48:43+00:00\",\"dateModified\":\"2022-09-29T19:05:03+00:00\",\"breadcrumb\":{\"@id\":\"https:\/\/www.ingavalerie.com\/product\/trening-dama-urban-chic-din-catifea-negru-cu-gluga\/#breadcrumb\"},\"inLanguage\":\"en-US\",\"potentialAction\":[{\"@type\":\"ReadAction\",\"target\":[\"https:\/\/www.ingavalerie.com\/product\/trening-dama-urban-chic-din-catifea-negru-cu-gluga\/\"]}]},{\"@type\":\"ImageObject\",\"inLanguage\":\"en-US\",\"@id\":\"https:\/\/www.ingavalerie.com\/product\/trening-dama-urban-chic-din-catifea-negru-cu-gluga\/#primaryimage\",\"url\":\"https:\/\/www.ingavalerie.com\/wp-content\/uploads\/2020\/11\/DSC09755.1-scaled.jpg\",\"contentUrl\":\"https:\/\/www.ingavalerie.com\/wp-content\/uploads\/2020\/11\/DSC09755.1-scaled.jpg\",\"width\":2208,\"height\":2560},{\"@type\":\"BreadcrumbList\",\"@id\":\"https:\/\/www.ingavalerie.com\/product\/trening-dama-urban-chic-din-catifea-negru-cu-gluga\/#breadcrumb\",\"itemListElement\":[{\"@type\":\"ListItem\",\"position\":1,\"name\":\"Prima pagin\u0103\",\"item\":\"https:\/\/www.ingavalerie.com\/\"},{\"@type\":\"ListItem\",\"position\":2,\"name\":\"Shop\",\"item\":\"https:\/\/www.ingavalerie.com\/shop\/\"},{\"@type\":\"ListItem\",\"position\":3,\"name\":\"Trening dam\u0103 urban-chic din catifea negru cu glug\u0103\"}]},{\"@type\":\"WebSite\",\"@id\":\"https:\/\/www.ingavalerie.com\/#website\",\"url\":\"https:\/\/www.ingavalerie.com\/\",\"name\":\"Inga Valerie\",\"description\":\"Inga Valerie\",\"publisher\":{\"@id\":\"https:\/\/www.ingavalerie.com\/#organization\"},\"potentialAction\":[{\"@type\":\"SearchAction\",\"target\":{\"@type\":\"EntryPoint\",\"urlTemplate\":\"https:\/\/www.ingavalerie.com\/?s={search_term_string}\"},\"query-input\":\"required name=search_term_string\"}],\"inLanguage\":\"en-US\"},{\"@type\":\"Organization\",\"@id\":\"https:\/\/www.ingavalerie.com\/#organization\",\"name\":\"Inga Valerie\",\"url\":\"https:\/\/www.ingavalerie.com\/\",\"logo\":{\"@type\":\"ImageObject\",\"inLanguage\":\"en-US\",\"@id\":\"https:\/\/www.ingavalerie.com\/#\/schema\/logo\/image\/\",\"url\":\"https:\/\/www.ingavalerie.com\/wp-content\/uploads\/2022\/09\/Inga-Valerie-Black-Trademark-Logo.png\",\"contentUrl\":\"https:\/\/www.ingavalerie.com\/wp-content\/uploads\/2022\/09\/Inga-Valerie-Black-Trademark-Logo.png\",\"width\":1000,\"height\":534,\"caption\":\"Inga Valerie\"},\"image\":{\"@id\":\"https:\/\/www.ingavalerie.com\/#\/schema\/logo\/image\/\"},\"sameAs\":[\"https:\/\/www.facebook.com\/ingavalerie.ro\/?ref=br_rs\",\"https:\/\/www.instagram.com\/inga.valerie\/\",\"https:\/\/www.youtube.com\/channel\/UChFLSttydbrfvI1Wf2SZzaQ\"]}]}<\/script>\n<!-- \/ Yoast SEO plugin. -->","yoast_head_json":{"title":"Trening dam\u0103 urban-chic din catifea negru cu glug\u0103 - Inga Valerie","robots":{"index":"index","follow":"follow","max-snippet":"max-snippet:-1","max-image-preview":"max-image-preview:large","max-video-preview":"max-video-preview:-1"},"canonical":"https:\/\/www.ingavalerie.com\/en\/product\/trening-dama-urban-chic-din-catifea-negru-cu-gluga\/","og_locale":"en_US","og_type":"article","og_title":"Trening dam\u0103 urban-chic din catifea negru cu glug\u0103 - Inga Valerie","og_description":"Trening de dam\u0103 din catifea negru, moale. Bluz\u0103 cu glug\u0103 nedeta\u0219abil\u0103 c\u0103ptu\u0219it\u0103 cu material cu imprimeu multicolor. \u00cenchidere pe fa\u021b\u0103 cu fermoar auriu. Buzunare cusute pe laterale cu acces liber. Interior buzunare cu material cu imprimeu multicolor. M\u00e2neci cu man\u0219ete late. Baza bluzei de trening elastic\u0103. Pantaloni de trening cu betelie elastic\u0103. Croial\u0103 conic\u0103.  Culoare: Negru.  Compozi\u021bie: 95% Bumbac 5% Elastan. 83% V\u00e2scoz\u0103. 17% Poliamid\u0103.  Modelul poarta marimea 38.  Bust: 88 cm Inaltime: 178 cm Solduri: 92 cm Talie: 62 cm    VEZI TABELUL DE M\u0102RIMI   \u00ceNTREB\u0102RI-EMAIL","og_url":"https:\/\/www.ingavalerie.com\/en\/product\/trening-dama-urban-chic-din-catifea-negru-cu-gluga\/","og_site_name":"Inga Valerie","article_publisher":"https:\/\/www.facebook.com\/ingavalerie.ro\/?ref=br_rs","article_modified_time":"2022-09-29T19:05:03+00:00","og_image":[{"width":2208,"height":2560,"url":"https:\/\/www.ingavalerie.com\/wp-content\/uploads\/2020\/11\/DSC09755.1-scaled.jpg","type":"image\/jpeg"}],"twitter_card":"summary_large_image","schema":{"@context":"https:\/\/schema.org","@graph":[{"@type":"WebPage","@id":"https:\/\/www.ingavalerie.com\/product\/trening-dama-urban-chic-din-catifea-negru-cu-gluga\/","url":"https:\/\/www.ingavalerie.com\/product\/trening-dama-urban-chic-din-catifea-negru-cu-gluga\/","name":"Trening dam\u0103 urban-chic din catifea negru cu glug\u0103 - Inga Valerie","isPartOf":{"@id":"https:\/\/www.ingavalerie.com\/#website"},"primaryImageOfPage":{"@id":"https:\/\/www.ingavalerie.com\/product\/trening-dama-urban-chic-din-catifea-negru-cu-gluga\/#primaryimage"},"image":{"@id":"https:\/\/www.ingavalerie.com\/product\/trening-dama-urban-chic-din-catifea-negru-cu-gluga\/#primaryimage"},"thumbnailUrl":"https:\/\/www.ingavalerie.com\/wp-content\/uploads\/2020\/11\/DSC09755.1-scaled.jpg","datePublished":"2019-04-02T19:48:43+00:00","dateModified":"2022-09-29T19:05:03+00:00","breadcrumb":{"@id":"https:\/\/www.ingavalerie.com\/product\/trening-dama-urban-chic-din-catifea-negru-cu-gluga\/#breadcrumb"},"inLanguage":"en-US","potentialAction":[{"@type":"ReadAction","target":["https:\/\/www.ingavalerie.com\/product\/trening-dama-urban-chic-din-catifea-negru-cu-gluga\/"]}]},{"@type":"ImageObject","inLanguage":"en-US","@id":"https:\/\/www.ingavalerie.com\/product\/trening-dama-urban-chic-din-catifea-negru-cu-gluga\/#primaryimage","url":"https:\/\/www.ingavalerie.com\/wp-content\/uploads\/2020\/11\/DSC09755.1-scaled.jpg","contentUrl":"https:\/\/www.ingavalerie.com\/wp-content\/uploads\/2020\/11\/DSC09755.1-scaled.jpg","width":2208,"height":2560},{"@type":"BreadcrumbList","@id":"https:\/\/www.ingavalerie.com\/product\/trening-dama-urban-chic-din-catifea-negru-cu-gluga\/#breadcrumb","itemListElement":[{"@type":"ListItem","position":1,"name":"Prima pagin\u0103","item":"https:\/\/www.ingavalerie.com\/"},{"@type":"ListItem","position":2,"name":"Shop","item":"https:\/\/www.ingavalerie.com\/shop\/"},{"@type":"ListItem","position":3,"name":"Trening dam\u0103 urban-chic din catifea negru cu glug\u0103"}]},{"@type":"WebSite","@id":"https:\/\/www.ingavalerie.com\/#website","url":"https:\/\/www.ingavalerie.com\/","name":"Inga Valerie","description":"Inga Valerie","publisher":{"@id":"https:\/\/www.ingavalerie.com\/#organization"},"potentialAction":[{"@type":"SearchAction","target":{"@type":"EntryPoint","urlTemplate":"https:\/\/www.ingavalerie.com\/?s={search_term_string}"},"query-input":"required name=search_term_string"}],"inLanguage":"en-US"},{"@type":"Organization","@id":"https:\/\/www.ingavalerie.com\/#organization","name":"Inga Valerie","url":"https:\/\/www.ingavalerie.com\/","logo":{"@type":"ImageObject","inLanguage":"en-US","@id":"https:\/\/www.ingavalerie.com\/#\/schema\/logo\/image\/","url":"https:\/\/www.ingavalerie.com\/wp-content\/uploads\/2022\/09\/Inga-Valerie-Black-Trademark-Logo.png","contentUrl":"https:\/\/www.ingavalerie.com\/wp-content\/uploads\/2022\/09\/Inga-Valerie-Black-Trademark-Logo.png","width":1000,"height":534,"caption":"Inga Valerie"},"image":{"@id":"https:\/\/www.ingavalerie.com\/#\/schema\/logo\/image\/"},"sameAs":["https:\/\/www.facebook.com\/ingavalerie.ro\/?ref=br_rs","https:\/\/www.instagram.com\/inga.valerie\/","https:\/\/www.youtube.com\/channel\/UChFLSttydbrfvI1Wf2SZzaQ"]}]}},"_links":{"self":[{"href":"https:\/\/www.ingavalerie.com\/en\/wp-json\/wp\/v2\/product\/12854"}],"collection":[{"href":"https:\/\/www.ingavalerie.com\/en\/wp-json\/wp\/v2\/product"}],"about":[{"href":"https:\/\/www.ingavalerie.com\/en\/wp-json\/wp\/v2\/types\/product"}],"wp:featuredmedia":[{"embeddable":true,"href":"https:\/\/www.ingavalerie.com\/en\/wp-json\/wp\/v2\/media\/17651"}],"wp:attachment":[{"href":"https:\/\/www.ingavalerie.com\/en\/wp-json\/wp\/v2\/media?parent=12854"}],"wp:term":[{"taxonomy":"product_cat","embeddable":true,"href":"https:\/\/www.ingavalerie.com\/en\/wp-json\/wp\/v2\/product_cat?post=12854"},{"taxonomy":"product_tag","embeddable":true,"href":"https:\/\/www.ingavalerie.com\/en\/wp-json\/wp\/v2\/product_tag?post=12854"}],"curies":[{"name":"wp","href":"https:\/\/api.w.org\/{rel}","templated":true}]}}