{"id":13876,"date":"2019-08-31T19:17:42","date_gmt":"2019-08-31T19:17:42","guid":{"rendered":"https:\/\/www.ingavalerie.com\/?post_type=product&#038;p=13876"},"modified":"2022-09-23T23:20:21","modified_gmt":"2022-09-23T23:20:21","slug":"salopeta-urban-chic-bleumarin-din-catifea","status":"publish","type":"product","link":"https:\/\/www.ingavalerie.com\/en\/product\/salopeta-urban-chic-bleumarin-din-catifea\/","title":{"rendered":"Navy-blue velvet urban chic jumpsuit"},"content":{"rendered":"Salopet\u0103 urban-chic, lung\u0103, bleumarin, din catifea, moale. F\u0103r\u0103 m\u00e2neci, \u0219i cu glug\u0103 nedeta\u0219abil\u0103. Decolteu \u00een form\u0103 de V \u00een fa\u021b\u0103 \u0219i la spate. Partea superioar\u0103, croit\u0103 pe corp, este \u00eembinat\u0103 cu pantaloni largi, lungi, evaza\u021bi. Croial\u0103 lateral\u0103 cu \u00eencre\u021bituri.","protected":false},"excerpt":{"rendered":"<p>Urban chic long navy blue jumpsuit. Fabric - velvet. Short sleeve. Non removable hood. Deep V neck fornt and back. Top slim fit. Bottom - large leg. Stitches on both sides.<\/p>\n<p>Color: Navy Blue.<\/p>\n<p>Fabric: 95% Cotton 5% Elastane.<\/p>\n<p>Model wears size 38.<\/p>\n<p>Bust size: 88cm<br \/>\nHeight size: 178 cm<br \/>\nHip size: 92 cm<br \/>\nWaist size: 62 cm<\/p>\n<p><a href=\"https:\/\/ingavalerie.com\/wp-content\/uploads\/2019\/02\/pants-.pdf\" target=\"popup\" rel=\"noopener noreferrer\"><br \/>\n<strong>Check out our size guide<\/strong><br \/>\n<\/a><\/p>\n<p><a href=\"mailto:comenzi@ingavalerie.com\"><span style=\"color: black;\">Questions on Email<\/span><\/a><\/p>","protected":false},"featured_media":16763,"template":"","meta":[],"product_cat":[116],"product_tag":[],"yoast_head":"<!-- This site is optimized with the Yoast SEO plugin v23.0 - https:\/\/yoast.com\/wordpress\/plugins\/seo\/ -->\n<title>Salopet\u0103 urban-chic bleumarin din catifea - Inga Valerie<\/title>\n<meta name=\"robots\" content=\"index, follow, max-snippet:-1, max-image-preview:large, max-video-preview:-1\" \/>\n<link rel=\"canonical\" href=\"https:\/\/www.ingavalerie.com\/en\/product\/salopeta-urban-chic-bleumarin-din-catifea\/\" \/>\n<meta property=\"og:locale\" content=\"en_US\" \/>\n<meta property=\"og:type\" content=\"article\" \/>\n<meta property=\"og:title\" content=\"Salopet\u0103 urban-chic bleumarin din catifea - Inga Valerie\" \/>\n<meta property=\"og:description\" content=\"Salopet\u0103 sport-elegant\u0103, lung\u0103, bleumarin, din catifea, moale. F\u0103r\u0103 m\u00e2neci \u0219i cu glug\u0103 nedeta\u0219abil\u0103. Decolteu \u00een form\u0103 de V \u00een fa\u021b\u0103 \u0219i la spate. Partea superioar\u0103, croit\u0103 pe corp, este \u00eembinat\u0103 cu pantaloni largi, lungi, evaza\u021bi. Croial\u0103 lateral\u0103 cu \u00eencre\u021bituri.  Culoare: Bleumarin.  Compozi\u021bie: 95% Bumbac. 5% Elastan.  Modelul poarta marimea 38.  Bust: 88 cm Inaltime: 178 cm Solduri: 92 cm Talie: 62 cm    VEZI TABELUL DE M\u0102RIMI   \u00ceNTREB\u0102RI-EMAIL\" \/>\n<meta property=\"og:url\" content=\"https:\/\/www.ingavalerie.com\/en\/product\/salopeta-urban-chic-bleumarin-din-catifea\/\" \/>\n<meta property=\"og:site_name\" content=\"Inga Valerie\" \/>\n<meta property=\"article:publisher\" content=\"https:\/\/www.facebook.com\/ingavalerie.ro\/?ref=br_rs\" \/>\n<meta property=\"article:modified_time\" content=\"2022-09-23T23:20:21+00:00\" \/>\n<meta property=\"og:image\" content=\"https:\/\/www.ingavalerie.com\/wp-content\/uploads\/2019\/08\/DSC03438-scaled.jpg\" \/>\n\t<meta property=\"og:image:width\" content=\"2512\" \/>\n\t<meta property=\"og:image:height\" content=\"2560\" \/>\n\t<meta property=\"og:image:type\" content=\"image\/jpeg\" \/>\n<meta name=\"twitter:card\" content=\"summary_large_image\" \/>\n<script type=\"application\/ld+json\" class=\"yoast-schema-graph\">{\"@context\":\"https:\/\/schema.org\",\"@graph\":[{\"@type\":\"WebPage\",\"@id\":\"https:\/\/www.ingavalerie.com\/product\/salopeta-urban-chic-bleumarin-din-catifea\/\",\"url\":\"https:\/\/www.ingavalerie.com\/product\/salopeta-urban-chic-bleumarin-din-catifea\/\",\"name\":\"Salopet\u0103 urban-chic bleumarin din catifea - Inga Valerie\",\"isPartOf\":{\"@id\":\"https:\/\/www.ingavalerie.com\/#website\"},\"primaryImageOfPage\":{\"@id\":\"https:\/\/www.ingavalerie.com\/product\/salopeta-urban-chic-bleumarin-din-catifea\/#primaryimage\"},\"image\":{\"@id\":\"https:\/\/www.ingavalerie.com\/product\/salopeta-urban-chic-bleumarin-din-catifea\/#primaryimage\"},\"thumbnailUrl\":\"https:\/\/www.ingavalerie.com\/wp-content\/uploads\/2019\/08\/DSC03438-scaled.jpg\",\"datePublished\":\"2019-08-31T19:17:42+00:00\",\"dateModified\":\"2022-09-23T23:20:21+00:00\",\"breadcrumb\":{\"@id\":\"https:\/\/www.ingavalerie.com\/product\/salopeta-urban-chic-bleumarin-din-catifea\/#breadcrumb\"},\"inLanguage\":\"en-US\",\"potentialAction\":[{\"@type\":\"ReadAction\",\"target\":[\"https:\/\/www.ingavalerie.com\/product\/salopeta-urban-chic-bleumarin-din-catifea\/\"]}]},{\"@type\":\"ImageObject\",\"inLanguage\":\"en-US\",\"@id\":\"https:\/\/www.ingavalerie.com\/product\/salopeta-urban-chic-bleumarin-din-catifea\/#primaryimage\",\"url\":\"https:\/\/www.ingavalerie.com\/wp-content\/uploads\/2019\/08\/DSC03438-scaled.jpg\",\"contentUrl\":\"https:\/\/www.ingavalerie.com\/wp-content\/uploads\/2019\/08\/DSC03438-scaled.jpg\",\"width\":2512,\"height\":2560},{\"@type\":\"BreadcrumbList\",\"@id\":\"https:\/\/www.ingavalerie.com\/product\/salopeta-urban-chic-bleumarin-din-catifea\/#breadcrumb\",\"itemListElement\":[{\"@type\":\"ListItem\",\"position\":1,\"name\":\"Prima pagin\u0103\",\"item\":\"https:\/\/www.ingavalerie.com\/\"},{\"@type\":\"ListItem\",\"position\":2,\"name\":\"Shop\",\"item\":\"https:\/\/www.ingavalerie.com\/shop\/\"},{\"@type\":\"ListItem\",\"position\":3,\"name\":\"Salopet\u0103 urban-chic bleumarin din catifea\"}]},{\"@type\":\"WebSite\",\"@id\":\"https:\/\/www.ingavalerie.com\/#website\",\"url\":\"https:\/\/www.ingavalerie.com\/\",\"name\":\"Inga Valerie\",\"description\":\"Inga Valerie\",\"publisher\":{\"@id\":\"https:\/\/www.ingavalerie.com\/#organization\"},\"potentialAction\":[{\"@type\":\"SearchAction\",\"target\":{\"@type\":\"EntryPoint\",\"urlTemplate\":\"https:\/\/www.ingavalerie.com\/?s={search_term_string}\"},\"query-input\":\"required name=search_term_string\"}],\"inLanguage\":\"en-US\"},{\"@type\":\"Organization\",\"@id\":\"https:\/\/www.ingavalerie.com\/#organization\",\"name\":\"Inga Valerie\",\"url\":\"https:\/\/www.ingavalerie.com\/\",\"logo\":{\"@type\":\"ImageObject\",\"inLanguage\":\"en-US\",\"@id\":\"https:\/\/www.ingavalerie.com\/#\/schema\/logo\/image\/\",\"url\":\"https:\/\/www.ingavalerie.com\/wp-content\/uploads\/2022\/09\/Inga-Valerie-Black-Trademark-Logo.png\",\"contentUrl\":\"https:\/\/www.ingavalerie.com\/wp-content\/uploads\/2022\/09\/Inga-Valerie-Black-Trademark-Logo.png\",\"width\":1000,\"height\":534,\"caption\":\"Inga Valerie\"},\"image\":{\"@id\":\"https:\/\/www.ingavalerie.com\/#\/schema\/logo\/image\/\"},\"sameAs\":[\"https:\/\/www.facebook.com\/ingavalerie.ro\/?ref=br_rs\",\"https:\/\/www.instagram.com\/inga.valerie\/\",\"https:\/\/www.youtube.com\/channel\/UChFLSttydbrfvI1Wf2SZzaQ\"]}]}<\/script>\n<!-- \/ Yoast SEO plugin. -->","yoast_head_json":{"title":"Salopet\u0103 urban-chic bleumarin din catifea - Inga Valerie","robots":{"index":"index","follow":"follow","max-snippet":"max-snippet:-1","max-image-preview":"max-image-preview:large","max-video-preview":"max-video-preview:-1"},"canonical":"https:\/\/www.ingavalerie.com\/en\/product\/salopeta-urban-chic-bleumarin-din-catifea\/","og_locale":"en_US","og_type":"article","og_title":"Salopet\u0103 urban-chic bleumarin din catifea - Inga Valerie","og_description":"Salopet\u0103 sport-elegant\u0103, lung\u0103, bleumarin, din catifea, moale. F\u0103r\u0103 m\u00e2neci \u0219i cu glug\u0103 nedeta\u0219abil\u0103. Decolteu \u00een form\u0103 de V \u00een fa\u021b\u0103 \u0219i la spate. Partea superioar\u0103, croit\u0103 pe corp, este \u00eembinat\u0103 cu pantaloni largi, lungi, evaza\u021bi. Croial\u0103 lateral\u0103 cu \u00eencre\u021bituri.  Culoare: Bleumarin.  Compozi\u021bie: 95% Bumbac. 5% Elastan.  Modelul poarta marimea 38.  Bust: 88 cm Inaltime: 178 cm Solduri: 92 cm Talie: 62 cm    VEZI TABELUL DE M\u0102RIMI   \u00ceNTREB\u0102RI-EMAIL","og_url":"https:\/\/www.ingavalerie.com\/en\/product\/salopeta-urban-chic-bleumarin-din-catifea\/","og_site_name":"Inga Valerie","article_publisher":"https:\/\/www.facebook.com\/ingavalerie.ro\/?ref=br_rs","article_modified_time":"2022-09-23T23:20:21+00:00","og_image":[{"width":2512,"height":2560,"url":"https:\/\/www.ingavalerie.com\/wp-content\/uploads\/2019\/08\/DSC03438-scaled.jpg","type":"image\/jpeg"}],"twitter_card":"summary_large_image","schema":{"@context":"https:\/\/schema.org","@graph":[{"@type":"WebPage","@id":"https:\/\/www.ingavalerie.com\/product\/salopeta-urban-chic-bleumarin-din-catifea\/","url":"https:\/\/www.ingavalerie.com\/product\/salopeta-urban-chic-bleumarin-din-catifea\/","name":"Salopet\u0103 urban-chic bleumarin din catifea - Inga Valerie","isPartOf":{"@id":"https:\/\/www.ingavalerie.com\/#website"},"primaryImageOfPage":{"@id":"https:\/\/www.ingavalerie.com\/product\/salopeta-urban-chic-bleumarin-din-catifea\/#primaryimage"},"image":{"@id":"https:\/\/www.ingavalerie.com\/product\/salopeta-urban-chic-bleumarin-din-catifea\/#primaryimage"},"thumbnailUrl":"https:\/\/www.ingavalerie.com\/wp-content\/uploads\/2019\/08\/DSC03438-scaled.jpg","datePublished":"2019-08-31T19:17:42+00:00","dateModified":"2022-09-23T23:20:21+00:00","breadcrumb":{"@id":"https:\/\/www.ingavalerie.com\/product\/salopeta-urban-chic-bleumarin-din-catifea\/#breadcrumb"},"inLanguage":"en-US","potentialAction":[{"@type":"ReadAction","target":["https:\/\/www.ingavalerie.com\/product\/salopeta-urban-chic-bleumarin-din-catifea\/"]}]},{"@type":"ImageObject","inLanguage":"en-US","@id":"https:\/\/www.ingavalerie.com\/product\/salopeta-urban-chic-bleumarin-din-catifea\/#primaryimage","url":"https:\/\/www.ingavalerie.com\/wp-content\/uploads\/2019\/08\/DSC03438-scaled.jpg","contentUrl":"https:\/\/www.ingavalerie.com\/wp-content\/uploads\/2019\/08\/DSC03438-scaled.jpg","width":2512,"height":2560},{"@type":"BreadcrumbList","@id":"https:\/\/www.ingavalerie.com\/product\/salopeta-urban-chic-bleumarin-din-catifea\/#breadcrumb","itemListElement":[{"@type":"ListItem","position":1,"name":"Prima pagin\u0103","item":"https:\/\/www.ingavalerie.com\/"},{"@type":"ListItem","position":2,"name":"Shop","item":"https:\/\/www.ingavalerie.com\/shop\/"},{"@type":"ListItem","position":3,"name":"Salopet\u0103 urban-chic bleumarin din catifea"}]},{"@type":"WebSite","@id":"https:\/\/www.ingavalerie.com\/#website","url":"https:\/\/www.ingavalerie.com\/","name":"Inga Valerie","description":"Inga Valerie","publisher":{"@id":"https:\/\/www.ingavalerie.com\/#organization"},"potentialAction":[{"@type":"SearchAction","target":{"@type":"EntryPoint","urlTemplate":"https:\/\/www.ingavalerie.com\/?s={search_term_string}"},"query-input":"required name=search_term_string"}],"inLanguage":"en-US"},{"@type":"Organization","@id":"https:\/\/www.ingavalerie.com\/#organization","name":"Inga Valerie","url":"https:\/\/www.ingavalerie.com\/","logo":{"@type":"ImageObject","inLanguage":"en-US","@id":"https:\/\/www.ingavalerie.com\/#\/schema\/logo\/image\/","url":"https:\/\/www.ingavalerie.com\/wp-content\/uploads\/2022\/09\/Inga-Valerie-Black-Trademark-Logo.png","contentUrl":"https:\/\/www.ingavalerie.com\/wp-content\/uploads\/2022\/09\/Inga-Valerie-Black-Trademark-Logo.png","width":1000,"height":534,"caption":"Inga Valerie"},"image":{"@id":"https:\/\/www.ingavalerie.com\/#\/schema\/logo\/image\/"},"sameAs":["https:\/\/www.facebook.com\/ingavalerie.ro\/?ref=br_rs","https:\/\/www.instagram.com\/inga.valerie\/","https:\/\/www.youtube.com\/channel\/UChFLSttydbrfvI1Wf2SZzaQ"]}]}},"_links":{"self":[{"href":"https:\/\/www.ingavalerie.com\/en\/wp-json\/wp\/v2\/product\/13876"}],"collection":[{"href":"https:\/\/www.ingavalerie.com\/en\/wp-json\/wp\/v2\/product"}],"about":[{"href":"https:\/\/www.ingavalerie.com\/en\/wp-json\/wp\/v2\/types\/product"}],"wp:featuredmedia":[{"embeddable":true,"href":"https:\/\/www.ingavalerie.com\/en\/wp-json\/wp\/v2\/media\/16763"}],"wp:attachment":[{"href":"https:\/\/www.ingavalerie.com\/en\/wp-json\/wp\/v2\/media?parent=13876"}],"wp:term":[{"taxonomy":"product_cat","embeddable":true,"href":"https:\/\/www.ingavalerie.com\/en\/wp-json\/wp\/v2\/product_cat?post=13876"},{"taxonomy":"product_tag","embeddable":true,"href":"https:\/\/www.ingavalerie.com\/en\/wp-json\/wp\/v2\/product_tag?post=13876"}],"curies":[{"name":"wp","href":"https:\/\/api.w.org\/{rel}","templated":true}]}}