{"id":14221,"date":"2019-10-31T10:41:24","date_gmt":"2019-10-31T10:41:24","guid":{"rendered":"https:\/\/www.ingavalerie.com\/?post_type=product&#038;p=14221"},"modified":"2024-04-25T07:48:45","modified_gmt":"2024-04-25T07:48:45","slug":"rochie-lunga-cu-nasturi-si-cordon-mov","status":"publish","type":"product","link":"https:\/\/www.ingavalerie.com\/en\/product\/rochie-lunga-cu-nasturi-si-cordon-mov\/","title":{"rendered":"Long dress with buttons and waist purple belt"},"content":{"rendered":"Long sleeve dress. High neckline. Front buttons and tie belt closure. Your choice to leave it open with slit or not. Front pockets on chest line and two pockets on bottom.","protected":false},"excerpt":{"rendered":"<p>Long sleeve dress. High neckline. Front buttons and tie belt closure. Your choice to leave it open with slit or not. Front pockets on chest line and two pockets on bottom.<\/p>\n<p>Color: Purple.<\/p>\n<p>Fabric: 87% Viscose, 13% Polyamide.<\/p>\n<p>Model wears size 38.<\/p>\n<p>Bust size: 88cm<br \/>\nHeight size: 178 cm<br \/>\nHip size: 92 cm<br \/>\nWaist size: 62 cm<\/p>\n<p><a href=\"https:\/\/ingavalerie.com\/wp-content\/uploads\/2019\/02\/pants-.pdf\" target=\"popup\" rel=\"noopener noreferrer\"><br \/>\n<strong>Check out our size guide<\/strong><br \/>\n<\/a><\/p>\n<p><a href=\"mailto:comenzi@ingavalerie.com\"><span style=\"color: black;\">Questions on Email<\/span><\/a><\/p>","protected":false},"featured_media":19918,"template":"","meta":[],"product_cat":[117,73],"product_tag":[],"yoast_head":"<!-- This site is optimized with the Yoast SEO plugin v23.0 - https:\/\/yoast.com\/wordpress\/plugins\/seo\/ -->\n<title>Rochie lung\u0103 cu nasturi \u0219i cordon mov - Inga Valerie<\/title>\n<meta name=\"robots\" content=\"index, follow, max-snippet:-1, max-image-preview:large, max-video-preview:-1\" \/>\n<link rel=\"canonical\" href=\"https:\/\/www.ingavalerie.com\/en\/product\/rochie-lunga-cu-nasturi-si-cordon-mov\/\" \/>\n<meta property=\"og:locale\" content=\"en_US\" \/>\n<meta property=\"og:type\" content=\"article\" \/>\n<meta property=\"og:title\" content=\"Rochie lung\u0103 cu nasturi \u0219i cordon mov - Inga Valerie\" \/>\n<meta property=\"og:description\" content=\"Rochie lung\u0103 cu m\u00e2neci. \u00cenchiderea se face pe fa\u021b\u0103, cu nasturi de sus p\u00e2n\u0103 jos, put\u00e2nd s\u0103 o la\u0219i c\u00e2t de mult o dore\u0219ti decoltat\u0103 sau despicat\u0103. Rochia eviden\u021biaz\u0103 zona taliei cu un cordon de aceea\u0219i culoare. Are dou\u0103 buzunare pe piept \u0219i dou\u0103 buzunare la nivelul fustei. Guler \u00eenalt rever.  Culoare: Mov.  Compozi\u021bie: 87% V\u00e2scoz\u0103. 13% Poliamid\u0103.  Modelul poarta marimea 38.  Bust: 88 cm Inaltime: 178 cm Solduri: 92 cm Talie: 62 cm   VEZI TABELUL DE M\u0102RIMI   \u00ceNTREB\u0102RI-EMAIL\" \/>\n<meta property=\"og:url\" content=\"https:\/\/www.ingavalerie.com\/en\/product\/rochie-lunga-cu-nasturi-si-cordon-mov\/\" \/>\n<meta property=\"og:site_name\" content=\"Inga Valerie\" \/>\n<meta property=\"article:publisher\" content=\"https:\/\/www.facebook.com\/ingavalerie.ro\/?ref=br_rs\" \/>\n<meta property=\"article:modified_time\" content=\"2024-04-25T07:48:45+00:00\" \/>\n<meta property=\"og:image\" content=\"https:\/\/www.ingavalerie.com\/wp-content\/uploads\/2019\/10\/35.1.jpg\" \/>\n\t<meta property=\"og:image:width\" content=\"1100\" \/>\n\t<meta property=\"og:image:height\" content=\"1200\" \/>\n\t<meta property=\"og:image:type\" content=\"image\/jpeg\" \/>\n<meta name=\"twitter:card\" content=\"summary_large_image\" \/>\n<meta name=\"twitter:label1\" content=\"Est. reading time\" \/>\n\t<meta name=\"twitter:data1\" content=\"1 minute\" \/>\n<script type=\"application\/ld+json\" class=\"yoast-schema-graph\">{\"@context\":\"https:\/\/schema.org\",\"@graph\":[{\"@type\":\"WebPage\",\"@id\":\"https:\/\/www.ingavalerie.com\/product\/rochie-lunga-cu-nasturi-si-cordon-mov\/\",\"url\":\"https:\/\/www.ingavalerie.com\/product\/rochie-lunga-cu-nasturi-si-cordon-mov\/\",\"name\":\"Rochie lung\u0103 cu nasturi \u0219i cordon mov - Inga Valerie\",\"isPartOf\":{\"@id\":\"https:\/\/www.ingavalerie.com\/#website\"},\"primaryImageOfPage\":{\"@id\":\"https:\/\/www.ingavalerie.com\/product\/rochie-lunga-cu-nasturi-si-cordon-mov\/#primaryimage\"},\"image\":{\"@id\":\"https:\/\/www.ingavalerie.com\/product\/rochie-lunga-cu-nasturi-si-cordon-mov\/#primaryimage\"},\"thumbnailUrl\":\"https:\/\/www.ingavalerie.com\/wp-content\/uploads\/2019\/10\/35.1.jpg\",\"datePublished\":\"2019-10-31T10:41:24+00:00\",\"dateModified\":\"2024-04-25T07:48:45+00:00\",\"breadcrumb\":{\"@id\":\"https:\/\/www.ingavalerie.com\/product\/rochie-lunga-cu-nasturi-si-cordon-mov\/#breadcrumb\"},\"inLanguage\":\"en-US\",\"potentialAction\":[{\"@type\":\"ReadAction\",\"target\":[\"https:\/\/www.ingavalerie.com\/product\/rochie-lunga-cu-nasturi-si-cordon-mov\/\"]}]},{\"@type\":\"ImageObject\",\"inLanguage\":\"en-US\",\"@id\":\"https:\/\/www.ingavalerie.com\/product\/rochie-lunga-cu-nasturi-si-cordon-mov\/#primaryimage\",\"url\":\"https:\/\/www.ingavalerie.com\/wp-content\/uploads\/2019\/10\/35.1.jpg\",\"contentUrl\":\"https:\/\/www.ingavalerie.com\/wp-content\/uploads\/2019\/10\/35.1.jpg\",\"width\":1100,\"height\":1200},{\"@type\":\"BreadcrumbList\",\"@id\":\"https:\/\/www.ingavalerie.com\/product\/rochie-lunga-cu-nasturi-si-cordon-mov\/#breadcrumb\",\"itemListElement\":[{\"@type\":\"ListItem\",\"position\":1,\"name\":\"Prima pagin\u0103\",\"item\":\"https:\/\/www.ingavalerie.com\/\"},{\"@type\":\"ListItem\",\"position\":2,\"name\":\"Shop\",\"item\":\"https:\/\/www.ingavalerie.com\/shop\/\"},{\"@type\":\"ListItem\",\"position\":3,\"name\":\"Rochie lung\u0103 cu nasturi \u0219i cordon mov\"}]},{\"@type\":\"WebSite\",\"@id\":\"https:\/\/www.ingavalerie.com\/#website\",\"url\":\"https:\/\/www.ingavalerie.com\/\",\"name\":\"Inga Valerie\",\"description\":\"Inga Valerie\",\"publisher\":{\"@id\":\"https:\/\/www.ingavalerie.com\/#organization\"},\"potentialAction\":[{\"@type\":\"SearchAction\",\"target\":{\"@type\":\"EntryPoint\",\"urlTemplate\":\"https:\/\/www.ingavalerie.com\/?s={search_term_string}\"},\"query-input\":\"required name=search_term_string\"}],\"inLanguage\":\"en-US\"},{\"@type\":\"Organization\",\"@id\":\"https:\/\/www.ingavalerie.com\/#organization\",\"name\":\"Inga Valerie\",\"url\":\"https:\/\/www.ingavalerie.com\/\",\"logo\":{\"@type\":\"ImageObject\",\"inLanguage\":\"en-US\",\"@id\":\"https:\/\/www.ingavalerie.com\/#\/schema\/logo\/image\/\",\"url\":\"https:\/\/www.ingavalerie.com\/wp-content\/uploads\/2022\/09\/Inga-Valerie-Black-Trademark-Logo.png\",\"contentUrl\":\"https:\/\/www.ingavalerie.com\/wp-content\/uploads\/2022\/09\/Inga-Valerie-Black-Trademark-Logo.png\",\"width\":1000,\"height\":534,\"caption\":\"Inga Valerie\"},\"image\":{\"@id\":\"https:\/\/www.ingavalerie.com\/#\/schema\/logo\/image\/\"},\"sameAs\":[\"https:\/\/www.facebook.com\/ingavalerie.ro\/?ref=br_rs\",\"https:\/\/www.instagram.com\/inga.valerie\/\",\"https:\/\/www.youtube.com\/channel\/UChFLSttydbrfvI1Wf2SZzaQ\"]}]}<\/script>\n<!-- \/ Yoast SEO plugin. -->","yoast_head_json":{"title":"Rochie lung\u0103 cu nasturi \u0219i cordon mov - Inga Valerie","robots":{"index":"index","follow":"follow","max-snippet":"max-snippet:-1","max-image-preview":"max-image-preview:large","max-video-preview":"max-video-preview:-1"},"canonical":"https:\/\/www.ingavalerie.com\/en\/product\/rochie-lunga-cu-nasturi-si-cordon-mov\/","og_locale":"en_US","og_type":"article","og_title":"Rochie lung\u0103 cu nasturi \u0219i cordon mov - Inga Valerie","og_description":"Rochie lung\u0103 cu m\u00e2neci. \u00cenchiderea se face pe fa\u021b\u0103, cu nasturi de sus p\u00e2n\u0103 jos, put\u00e2nd s\u0103 o la\u0219i c\u00e2t de mult o dore\u0219ti decoltat\u0103 sau despicat\u0103. Rochia eviden\u021biaz\u0103 zona taliei cu un cordon de aceea\u0219i culoare. Are dou\u0103 buzunare pe piept \u0219i dou\u0103 buzunare la nivelul fustei. Guler \u00eenalt rever.  Culoare: Mov.  Compozi\u021bie: 87% V\u00e2scoz\u0103. 13% Poliamid\u0103.  Modelul poarta marimea 38.  Bust: 88 cm Inaltime: 178 cm Solduri: 92 cm Talie: 62 cm   VEZI TABELUL DE M\u0102RIMI   \u00ceNTREB\u0102RI-EMAIL","og_url":"https:\/\/www.ingavalerie.com\/en\/product\/rochie-lunga-cu-nasturi-si-cordon-mov\/","og_site_name":"Inga Valerie","article_publisher":"https:\/\/www.facebook.com\/ingavalerie.ro\/?ref=br_rs","article_modified_time":"2024-04-25T07:48:45+00:00","og_image":[{"width":1100,"height":1200,"url":"https:\/\/www.ingavalerie.com\/wp-content\/uploads\/2019\/10\/35.1.jpg","type":"image\/jpeg"}],"twitter_card":"summary_large_image","twitter_misc":{"Est. reading time":"1 minute"},"schema":{"@context":"https:\/\/schema.org","@graph":[{"@type":"WebPage","@id":"https:\/\/www.ingavalerie.com\/product\/rochie-lunga-cu-nasturi-si-cordon-mov\/","url":"https:\/\/www.ingavalerie.com\/product\/rochie-lunga-cu-nasturi-si-cordon-mov\/","name":"Rochie lung\u0103 cu nasturi \u0219i cordon mov - Inga Valerie","isPartOf":{"@id":"https:\/\/www.ingavalerie.com\/#website"},"primaryImageOfPage":{"@id":"https:\/\/www.ingavalerie.com\/product\/rochie-lunga-cu-nasturi-si-cordon-mov\/#primaryimage"},"image":{"@id":"https:\/\/www.ingavalerie.com\/product\/rochie-lunga-cu-nasturi-si-cordon-mov\/#primaryimage"},"thumbnailUrl":"https:\/\/www.ingavalerie.com\/wp-content\/uploads\/2019\/10\/35.1.jpg","datePublished":"2019-10-31T10:41:24+00:00","dateModified":"2024-04-25T07:48:45+00:00","breadcrumb":{"@id":"https:\/\/www.ingavalerie.com\/product\/rochie-lunga-cu-nasturi-si-cordon-mov\/#breadcrumb"},"inLanguage":"en-US","potentialAction":[{"@type":"ReadAction","target":["https:\/\/www.ingavalerie.com\/product\/rochie-lunga-cu-nasturi-si-cordon-mov\/"]}]},{"@type":"ImageObject","inLanguage":"en-US","@id":"https:\/\/www.ingavalerie.com\/product\/rochie-lunga-cu-nasturi-si-cordon-mov\/#primaryimage","url":"https:\/\/www.ingavalerie.com\/wp-content\/uploads\/2019\/10\/35.1.jpg","contentUrl":"https:\/\/www.ingavalerie.com\/wp-content\/uploads\/2019\/10\/35.1.jpg","width":1100,"height":1200},{"@type":"BreadcrumbList","@id":"https:\/\/www.ingavalerie.com\/product\/rochie-lunga-cu-nasturi-si-cordon-mov\/#breadcrumb","itemListElement":[{"@type":"ListItem","position":1,"name":"Prima pagin\u0103","item":"https:\/\/www.ingavalerie.com\/"},{"@type":"ListItem","position":2,"name":"Shop","item":"https:\/\/www.ingavalerie.com\/shop\/"},{"@type":"ListItem","position":3,"name":"Rochie lung\u0103 cu nasturi \u0219i cordon mov"}]},{"@type":"WebSite","@id":"https:\/\/www.ingavalerie.com\/#website","url":"https:\/\/www.ingavalerie.com\/","name":"Inga Valerie","description":"Inga Valerie","publisher":{"@id":"https:\/\/www.ingavalerie.com\/#organization"},"potentialAction":[{"@type":"SearchAction","target":{"@type":"EntryPoint","urlTemplate":"https:\/\/www.ingavalerie.com\/?s={search_term_string}"},"query-input":"required name=search_term_string"}],"inLanguage":"en-US"},{"@type":"Organization","@id":"https:\/\/www.ingavalerie.com\/#organization","name":"Inga Valerie","url":"https:\/\/www.ingavalerie.com\/","logo":{"@type":"ImageObject","inLanguage":"en-US","@id":"https:\/\/www.ingavalerie.com\/#\/schema\/logo\/image\/","url":"https:\/\/www.ingavalerie.com\/wp-content\/uploads\/2022\/09\/Inga-Valerie-Black-Trademark-Logo.png","contentUrl":"https:\/\/www.ingavalerie.com\/wp-content\/uploads\/2022\/09\/Inga-Valerie-Black-Trademark-Logo.png","width":1000,"height":534,"caption":"Inga Valerie"},"image":{"@id":"https:\/\/www.ingavalerie.com\/#\/schema\/logo\/image\/"},"sameAs":["https:\/\/www.facebook.com\/ingavalerie.ro\/?ref=br_rs","https:\/\/www.instagram.com\/inga.valerie\/","https:\/\/www.youtube.com\/channel\/UChFLSttydbrfvI1Wf2SZzaQ"]}]}},"_links":{"self":[{"href":"https:\/\/www.ingavalerie.com\/en\/wp-json\/wp\/v2\/product\/14221"}],"collection":[{"href":"https:\/\/www.ingavalerie.com\/en\/wp-json\/wp\/v2\/product"}],"about":[{"href":"https:\/\/www.ingavalerie.com\/en\/wp-json\/wp\/v2\/types\/product"}],"wp:featuredmedia":[{"embeddable":true,"href":"https:\/\/www.ingavalerie.com\/en\/wp-json\/wp\/v2\/media\/19918"}],"wp:attachment":[{"href":"https:\/\/www.ingavalerie.com\/en\/wp-json\/wp\/v2\/media?parent=14221"}],"wp:term":[{"taxonomy":"product_cat","embeddable":true,"href":"https:\/\/www.ingavalerie.com\/en\/wp-json\/wp\/v2\/product_cat?post=14221"},{"taxonomy":"product_tag","embeddable":true,"href":"https:\/\/www.ingavalerie.com\/en\/wp-json\/wp\/v2\/product_tag?post=14221"}],"curies":[{"name":"wp","href":"https:\/\/api.w.org\/{rel}","templated":true}]}}