{"id":14813,"date":"2020-02-26T21:04:49","date_gmt":"2020-02-26T21:04:49","guid":{"rendered":"https:\/\/www.ingavalerie.com\/?post_type=product&#038;p=14813"},"modified":"2024-10-25T20:49:22","modified_gmt":"2024-10-25T20:49:22","slug":"geaca-bomber-lunga-kaki-cu-blana-mov","status":"publish","type":"product","link":"https:\/\/www.ingavalerie.com\/en\/product\/geaca-bomber-lunga-kaki-cu-blana-mov\/","title":{"rendered":"Kaki long bomber jacket with purple fur"},"content":{"rendered":"Geac\u0103 over size bomber lung\u0103 kaki de dam\u0103. Material impermeabil. C\u0103ptu\u0219eal\u0103 cu blan\u0103 mov. M\u00e2neci negre cu detalii perfor. Man\u0219etele \u0219i baza inferioar\u0103 a gecii se termin\u0103 cu un pat lat negru. \u00cenchidere frontal\u0103 cu fermoar metalic auriu. Glug\u0103 nedeta\u0219abil\u0103 \u00een dou\u0103 culori pe interior, gri \u0219i mov \u0219i alte dou\u0103 culori pe exterior, kaki \u0219i gri. Buzunare laterale deschise. Se poate purta at\u00e2t iarna, c\u00e2t \u0219i \u00een sezonul de prim\u0103var\u0103.","protected":false},"excerpt":{"rendered":"<p>Geac\u0103 over size bomber lung\u0103 kaki de dam\u0103. Material impermeabil. C\u0103ptu\u0219eal\u0103 cu blan\u0103 mov. M\u00e2neci negre cu detalii perfor. Man\u0219etele \u0219i baza inferioar\u0103 a gecii se termin\u0103 cu un pat lat negru. \u00cenchidere frontal\u0103 cu fermoar metalic auriu. Glug\u0103 nedeta\u0219abil\u0103 \u00een dou\u0103 culori pe interior, gri \u0219i mov \u0219i alte dou\u0103 culori pe exterior, kaki \u0219i gri. Buzunare laterale deschise. Se poate purta at\u00e2t iarna, c\u00e2t \u0219i \u00een sezonul de prim\u0103var\u0103.<\/p>\n<p>Color: Kaki\/Purple.<\/p>\n<p>100% ECO Fur: 58% Modale 24% Polyamide 5% Wool 10% Silk 3% Elastane<br \/>\nPolyesther 92% Elastane 8%<\/p>\n<p><a href=\"https:\/\/ingavalerie.com\/wp-content\/uploads\/2019\/02\/tops-and-jackets-.pdf\" target=\"popup\" rel=\"noopener noreferrer\"><br \/>\n<strong>Check out our size guide<\/strong><br \/>\n<\/a><\/p>\n<p><a href=\"mailto:comenzi@ingavalerie.com\"><span style=\"color: black;\">Questions on Email<\/span><\/a><\/p>","protected":false},"featured_media":20420,"template":"","meta":[],"product_cat":[67],"product_tag":[],"yoast_head":"<!-- This site is optimized with the Yoast SEO plugin v23.0 - https:\/\/yoast.com\/wordpress\/plugins\/seo\/ -->\n<title>Geac\u0103 bomber lung\u0103 kaki cu blan\u0103 mov - Inga Valerie<\/title>\n<meta name=\"robots\" content=\"index, follow, max-snippet:-1, max-image-preview:large, max-video-preview:-1\" \/>\n<link rel=\"canonical\" href=\"https:\/\/www.ingavalerie.com\/en\/product\/geaca-bomber-lunga-kaki-cu-blana-mov\/\" \/>\n<meta property=\"og:locale\" content=\"en_US\" \/>\n<meta property=\"og:type\" content=\"article\" \/>\n<meta property=\"og:title\" content=\"Geac\u0103 bomber lung\u0103 kaki cu blan\u0103 mov - Inga Valerie\" \/>\n<meta property=\"og:description\" content=\"Geac\u0103 over size bomber lung\u0103 kaki de dam\u0103. Material impermeabil. C\u0103ptu\u0219eal\u0103 cu blan\u0103 mov. M\u00e2neci negre cu detalii perfor. Man\u0219etele \u0219i baza inferioar\u0103 a gecii se termin\u0103 cu un pat lat negru. \u00cenchidere frontal\u0103 cu fermoar metalic auriu. Glug\u0103 nedeta\u0219abil\u0103 \u00een dou\u0103 culori pe interior, gri \u0219i mov \u0219i alte dou\u0103 culori pe exterior, kaki \u0219i gri. Buzunare laterale deschise. Se poate purta at\u00e2t iarna, c\u00e2t \u0219i \u00een sezonul de prim\u0103var\u0103.  Culoare: Kaki\/Mov.  100% Blana ECO: 58% Modal 24 % Poliamida 5% L\u00e2n\u0103 10% M\u0103tase 3% Elastan. Polyester 92% Elastan 8%.   VEZI TABELUL DE M\u0102RIMI   \u00ceNTREB\u0102RI-EMAIL\" \/>\n<meta property=\"og:url\" content=\"https:\/\/www.ingavalerie.com\/en\/product\/geaca-bomber-lunga-kaki-cu-blana-mov\/\" \/>\n<meta property=\"og:site_name\" content=\"Inga Valerie\" \/>\n<meta property=\"article:publisher\" content=\"https:\/\/www.facebook.com\/ingavalerie.ro\/?ref=br_rs\" \/>\n<meta property=\"article:modified_time\" content=\"2024-10-25T20:49:22+00:00\" \/>\n<meta property=\"og:image\" content=\"https:\/\/www.ingavalerie.com\/wp-content\/uploads\/2020\/02\/1.5.jpg\" \/>\n\t<meta property=\"og:image:width\" content=\"1200\" \/>\n\t<meta property=\"og:image:height\" content=\"1200\" \/>\n\t<meta property=\"og:image:type\" content=\"image\/jpeg\" \/>\n<meta name=\"twitter:card\" content=\"summary_large_image\" \/>\n<meta name=\"twitter:label1\" content=\"Est. reading time\" \/>\n\t<meta name=\"twitter:data1\" content=\"1 minute\" \/>\n<script type=\"application\/ld+json\" class=\"yoast-schema-graph\">{\"@context\":\"https:\/\/schema.org\",\"@graph\":[{\"@type\":\"WebPage\",\"@id\":\"https:\/\/www.ingavalerie.com\/product\/geaca-bomber-lunga-kaki-cu-blana-mov\/\",\"url\":\"https:\/\/www.ingavalerie.com\/product\/geaca-bomber-lunga-kaki-cu-blana-mov\/\",\"name\":\"Geac\u0103 bomber lung\u0103 kaki cu blan\u0103 mov - Inga Valerie\",\"isPartOf\":{\"@id\":\"https:\/\/www.ingavalerie.com\/#website\"},\"primaryImageOfPage\":{\"@id\":\"https:\/\/www.ingavalerie.com\/product\/geaca-bomber-lunga-kaki-cu-blana-mov\/#primaryimage\"},\"image\":{\"@id\":\"https:\/\/www.ingavalerie.com\/product\/geaca-bomber-lunga-kaki-cu-blana-mov\/#primaryimage\"},\"thumbnailUrl\":\"https:\/\/www.ingavalerie.com\/wp-content\/uploads\/2020\/02\/1.5.jpg\",\"datePublished\":\"2020-02-26T21:04:49+00:00\",\"dateModified\":\"2024-10-25T20:49:22+00:00\",\"breadcrumb\":{\"@id\":\"https:\/\/www.ingavalerie.com\/product\/geaca-bomber-lunga-kaki-cu-blana-mov\/#breadcrumb\"},\"inLanguage\":\"en-US\",\"potentialAction\":[{\"@type\":\"ReadAction\",\"target\":[\"https:\/\/www.ingavalerie.com\/product\/geaca-bomber-lunga-kaki-cu-blana-mov\/\"]}]},{\"@type\":\"ImageObject\",\"inLanguage\":\"en-US\",\"@id\":\"https:\/\/www.ingavalerie.com\/product\/geaca-bomber-lunga-kaki-cu-blana-mov\/#primaryimage\",\"url\":\"https:\/\/www.ingavalerie.com\/wp-content\/uploads\/2020\/02\/1.5.jpg\",\"contentUrl\":\"https:\/\/www.ingavalerie.com\/wp-content\/uploads\/2020\/02\/1.5.jpg\",\"width\":1200,\"height\":1200},{\"@type\":\"BreadcrumbList\",\"@id\":\"https:\/\/www.ingavalerie.com\/product\/geaca-bomber-lunga-kaki-cu-blana-mov\/#breadcrumb\",\"itemListElement\":[{\"@type\":\"ListItem\",\"position\":1,\"name\":\"Prima pagin\u0103\",\"item\":\"https:\/\/www.ingavalerie.com\/\"},{\"@type\":\"ListItem\",\"position\":2,\"name\":\"Shop\",\"item\":\"https:\/\/www.ingavalerie.com\/shop\/\"},{\"@type\":\"ListItem\",\"position\":3,\"name\":\"Geac\u0103 bomber lung\u0103 kaki cu blan\u0103 mov\"}]},{\"@type\":\"WebSite\",\"@id\":\"https:\/\/www.ingavalerie.com\/#website\",\"url\":\"https:\/\/www.ingavalerie.com\/\",\"name\":\"Inga Valerie\",\"description\":\"Inga Valerie\",\"publisher\":{\"@id\":\"https:\/\/www.ingavalerie.com\/#organization\"},\"potentialAction\":[{\"@type\":\"SearchAction\",\"target\":{\"@type\":\"EntryPoint\",\"urlTemplate\":\"https:\/\/www.ingavalerie.com\/?s={search_term_string}\"},\"query-input\":\"required name=search_term_string\"}],\"inLanguage\":\"en-US\"},{\"@type\":\"Organization\",\"@id\":\"https:\/\/www.ingavalerie.com\/#organization\",\"name\":\"Inga Valerie\",\"url\":\"https:\/\/www.ingavalerie.com\/\",\"logo\":{\"@type\":\"ImageObject\",\"inLanguage\":\"en-US\",\"@id\":\"https:\/\/www.ingavalerie.com\/#\/schema\/logo\/image\/\",\"url\":\"https:\/\/www.ingavalerie.com\/wp-content\/uploads\/2022\/09\/Inga-Valerie-Black-Trademark-Logo.png\",\"contentUrl\":\"https:\/\/www.ingavalerie.com\/wp-content\/uploads\/2022\/09\/Inga-Valerie-Black-Trademark-Logo.png\",\"width\":1000,\"height\":534,\"caption\":\"Inga Valerie\"},\"image\":{\"@id\":\"https:\/\/www.ingavalerie.com\/#\/schema\/logo\/image\/\"},\"sameAs\":[\"https:\/\/www.facebook.com\/ingavalerie.ro\/?ref=br_rs\",\"https:\/\/www.instagram.com\/inga.valerie\/\",\"https:\/\/www.youtube.com\/channel\/UChFLSttydbrfvI1Wf2SZzaQ\"]}]}<\/script>\n<!-- \/ Yoast SEO plugin. -->","yoast_head_json":{"title":"Geac\u0103 bomber lung\u0103 kaki cu blan\u0103 mov - Inga Valerie","robots":{"index":"index","follow":"follow","max-snippet":"max-snippet:-1","max-image-preview":"max-image-preview:large","max-video-preview":"max-video-preview:-1"},"canonical":"https:\/\/www.ingavalerie.com\/en\/product\/geaca-bomber-lunga-kaki-cu-blana-mov\/","og_locale":"en_US","og_type":"article","og_title":"Geac\u0103 bomber lung\u0103 kaki cu blan\u0103 mov - Inga Valerie","og_description":"Geac\u0103 over size bomber lung\u0103 kaki de dam\u0103. Material impermeabil. C\u0103ptu\u0219eal\u0103 cu blan\u0103 mov. M\u00e2neci negre cu detalii perfor. Man\u0219etele \u0219i baza inferioar\u0103 a gecii se termin\u0103 cu un pat lat negru. \u00cenchidere frontal\u0103 cu fermoar metalic auriu. Glug\u0103 nedeta\u0219abil\u0103 \u00een dou\u0103 culori pe interior, gri \u0219i mov \u0219i alte dou\u0103 culori pe exterior, kaki \u0219i gri. Buzunare laterale deschise. Se poate purta at\u00e2t iarna, c\u00e2t \u0219i \u00een sezonul de prim\u0103var\u0103.  Culoare: Kaki\/Mov.  100% Blana ECO: 58% Modal 24 % Poliamida 5% L\u00e2n\u0103 10% M\u0103tase 3% Elastan. Polyester 92% Elastan 8%.   VEZI TABELUL DE M\u0102RIMI   \u00ceNTREB\u0102RI-EMAIL","og_url":"https:\/\/www.ingavalerie.com\/en\/product\/geaca-bomber-lunga-kaki-cu-blana-mov\/","og_site_name":"Inga Valerie","article_publisher":"https:\/\/www.facebook.com\/ingavalerie.ro\/?ref=br_rs","article_modified_time":"2024-10-25T20:49:22+00:00","og_image":[{"width":1200,"height":1200,"url":"https:\/\/www.ingavalerie.com\/wp-content\/uploads\/2020\/02\/1.5.jpg","type":"image\/jpeg"}],"twitter_card":"summary_large_image","twitter_misc":{"Est. reading time":"1 minute"},"schema":{"@context":"https:\/\/schema.org","@graph":[{"@type":"WebPage","@id":"https:\/\/www.ingavalerie.com\/product\/geaca-bomber-lunga-kaki-cu-blana-mov\/","url":"https:\/\/www.ingavalerie.com\/product\/geaca-bomber-lunga-kaki-cu-blana-mov\/","name":"Geac\u0103 bomber lung\u0103 kaki cu blan\u0103 mov - Inga Valerie","isPartOf":{"@id":"https:\/\/www.ingavalerie.com\/#website"},"primaryImageOfPage":{"@id":"https:\/\/www.ingavalerie.com\/product\/geaca-bomber-lunga-kaki-cu-blana-mov\/#primaryimage"},"image":{"@id":"https:\/\/www.ingavalerie.com\/product\/geaca-bomber-lunga-kaki-cu-blana-mov\/#primaryimage"},"thumbnailUrl":"https:\/\/www.ingavalerie.com\/wp-content\/uploads\/2020\/02\/1.5.jpg","datePublished":"2020-02-26T21:04:49+00:00","dateModified":"2024-10-25T20:49:22+00:00","breadcrumb":{"@id":"https:\/\/www.ingavalerie.com\/product\/geaca-bomber-lunga-kaki-cu-blana-mov\/#breadcrumb"},"inLanguage":"en-US","potentialAction":[{"@type":"ReadAction","target":["https:\/\/www.ingavalerie.com\/product\/geaca-bomber-lunga-kaki-cu-blana-mov\/"]}]},{"@type":"ImageObject","inLanguage":"en-US","@id":"https:\/\/www.ingavalerie.com\/product\/geaca-bomber-lunga-kaki-cu-blana-mov\/#primaryimage","url":"https:\/\/www.ingavalerie.com\/wp-content\/uploads\/2020\/02\/1.5.jpg","contentUrl":"https:\/\/www.ingavalerie.com\/wp-content\/uploads\/2020\/02\/1.5.jpg","width":1200,"height":1200},{"@type":"BreadcrumbList","@id":"https:\/\/www.ingavalerie.com\/product\/geaca-bomber-lunga-kaki-cu-blana-mov\/#breadcrumb","itemListElement":[{"@type":"ListItem","position":1,"name":"Prima pagin\u0103","item":"https:\/\/www.ingavalerie.com\/"},{"@type":"ListItem","position":2,"name":"Shop","item":"https:\/\/www.ingavalerie.com\/shop\/"},{"@type":"ListItem","position":3,"name":"Geac\u0103 bomber lung\u0103 kaki cu blan\u0103 mov"}]},{"@type":"WebSite","@id":"https:\/\/www.ingavalerie.com\/#website","url":"https:\/\/www.ingavalerie.com\/","name":"Inga Valerie","description":"Inga Valerie","publisher":{"@id":"https:\/\/www.ingavalerie.com\/#organization"},"potentialAction":[{"@type":"SearchAction","target":{"@type":"EntryPoint","urlTemplate":"https:\/\/www.ingavalerie.com\/?s={search_term_string}"},"query-input":"required name=search_term_string"}],"inLanguage":"en-US"},{"@type":"Organization","@id":"https:\/\/www.ingavalerie.com\/#organization","name":"Inga Valerie","url":"https:\/\/www.ingavalerie.com\/","logo":{"@type":"ImageObject","inLanguage":"en-US","@id":"https:\/\/www.ingavalerie.com\/#\/schema\/logo\/image\/","url":"https:\/\/www.ingavalerie.com\/wp-content\/uploads\/2022\/09\/Inga-Valerie-Black-Trademark-Logo.png","contentUrl":"https:\/\/www.ingavalerie.com\/wp-content\/uploads\/2022\/09\/Inga-Valerie-Black-Trademark-Logo.png","width":1000,"height":534,"caption":"Inga Valerie"},"image":{"@id":"https:\/\/www.ingavalerie.com\/#\/schema\/logo\/image\/"},"sameAs":["https:\/\/www.facebook.com\/ingavalerie.ro\/?ref=br_rs","https:\/\/www.instagram.com\/inga.valerie\/","https:\/\/www.youtube.com\/channel\/UChFLSttydbrfvI1Wf2SZzaQ"]}]}},"_links":{"self":[{"href":"https:\/\/www.ingavalerie.com\/en\/wp-json\/wp\/v2\/product\/14813"}],"collection":[{"href":"https:\/\/www.ingavalerie.com\/en\/wp-json\/wp\/v2\/product"}],"about":[{"href":"https:\/\/www.ingavalerie.com\/en\/wp-json\/wp\/v2\/types\/product"}],"wp:featuredmedia":[{"embeddable":true,"href":"https:\/\/www.ingavalerie.com\/en\/wp-json\/wp\/v2\/media\/20420"}],"wp:attachment":[{"href":"https:\/\/www.ingavalerie.com\/en\/wp-json\/wp\/v2\/media?parent=14813"}],"wp:term":[{"taxonomy":"product_cat","embeddable":true,"href":"https:\/\/www.ingavalerie.com\/en\/wp-json\/wp\/v2\/product_cat?post=14813"},{"taxonomy":"product_tag","embeddable":true,"href":"https:\/\/www.ingavalerie.com\/en\/wp-json\/wp\/v2\/product_tag?post=14813"}],"curies":[{"name":"wp","href":"https:\/\/api.w.org\/{rel}","templated":true}]}}