{"id":15717,"date":"2020-06-15T19:10:07","date_gmt":"2020-06-15T19:10:07","guid":{"rendered":"https:\/\/www.ingavalerie.com\/?post_type=product&#038;p=15717"},"modified":"2023-03-21T18:58:20","modified_gmt":"2023-03-21T18:58:20","slug":"salopeta-cargo-neagra-cu-detalii-lucioase","status":"publish","type":"product","link":"https:\/\/www.ingavalerie.com\/en\/product\/salopeta-cargo-neagra-cu-detalii-lucioase\/","title":{"rendered":"Shiny black cargo jumpsuit"},"content":{"rendered":"Shiny black jumpsuit with long sleeve. Non-removable hood. Shiny black lined. Silver zip front closure. Elastic waist. Back side pockets. Front pockets with clips closure.","protected":false},"excerpt":{"rendered":"<p>Shiny black jumpsuit with long sleeve. Non-removable hood. Shiny black lined. Silver zip front closure. Elastic waist. Back side pockets. Front pockets with clips closure.<\/p>\n<p>Color: Black.<\/p>\n<p>Fabric: 92% Polyesther 8% Elastane. 64 % Acrylic 36% Nylon.<\/p>\n<p>Model wears size 38.<\/p>\n<p>Bust size: 88cm<br \/>\nHeight size: 178 cm<br \/>\nHip size: 92 cm<br \/>\nWaist size: 62 cm<\/p>\n<p><a href=\"https:\/\/ingavalerie.com\/wp-content\/uploads\/2019\/02\/pants-.pdf\" target=\"popup\" rel=\"noopener noreferrer\"><br \/>\n<strong>Check out our size guide<\/strong><br \/>\n<\/a><\/p>\n<p><a href=\"mailto:comenzi@ingavalerie.com\"><span style=\"color: black;\">Questions on Email<\/span><\/a><\/p>","protected":false},"featured_media":17632,"template":"","meta":[],"product_cat":[163,78],"product_tag":[],"yoast_head":"<!-- This site is optimized with the Yoast SEO plugin v23.0 - https:\/\/yoast.com\/wordpress\/plugins\/seo\/ -->\n<title>Salopet\u0103 cargo neagr\u0103 cu detalii lucioase - Inga Valerie<\/title>\n<meta name=\"robots\" content=\"index, follow, max-snippet:-1, max-image-preview:large, max-video-preview:-1\" \/>\n<link rel=\"canonical\" href=\"https:\/\/www.ingavalerie.com\/en\/product\/salopeta-cargo-neagra-cu-detalii-lucioase\/\" \/>\n<meta property=\"og:locale\" content=\"en_US\" \/>\n<meta property=\"og:type\" content=\"article\" \/>\n<meta property=\"og:title\" content=\"Salopet\u0103 cargo neagr\u0103 cu detalii lucioase - Inga Valerie\" \/>\n<meta property=\"og:description\" content=\"Salopet\u0103 neagr\u0103, cu m\u00e2nec\u0103 lung\u0103. Glug\u0103 nedeta\u0219abil\u0103 cu c\u0103ptu\u0219eal\u0103 neagr\u0103 lucioas\u0103. \u00cenchidere frontal\u0103 cu fermoar argintiu ascuns de cus\u0103tur\u0103. Talie elastic\u0103. Buzunare laterale pe spate. Pe fa\u021b\u0103 sunt croite buzunare cu \u00eenchidere tip caps\u0103.  Culoare: Negru.  Compozi\u021bie: 92% Poliester. 8% Elastan. 64% Acrilic. 36% Nylon.  Modelul poart\u0103 m\u0103rimea\u00a038.  Bust: 88 cm \u00cen\u0103l\u021bime: 178 cm \u0218olduri: 92 cm Talie: 62 cm   VEZI TABELUL DE M\u0102RIMI   \u00ceNTREB\u0102RI-EMAIL\" \/>\n<meta property=\"og:url\" content=\"https:\/\/www.ingavalerie.com\/en\/product\/salopeta-cargo-neagra-cu-detalii-lucioase\/\" \/>\n<meta property=\"og:site_name\" content=\"Inga Valerie\" \/>\n<meta property=\"article:publisher\" content=\"https:\/\/www.facebook.com\/ingavalerie.ro\/?ref=br_rs\" \/>\n<meta property=\"article:modified_time\" content=\"2023-03-21T18:58:20+00:00\" \/>\n<meta property=\"og:image\" content=\"https:\/\/www.ingavalerie.com\/wp-content\/uploads\/2020\/06\/138.1-scaled.jpg\" \/>\n\t<meta property=\"og:image:width\" content=\"2201\" \/>\n\t<meta property=\"og:image:height\" content=\"2560\" \/>\n\t<meta property=\"og:image:type\" content=\"image\/jpeg\" \/>\n<meta name=\"twitter:card\" content=\"summary_large_image\" \/>\n<meta name=\"twitter:label1\" content=\"Est. reading time\" \/>\n\t<meta name=\"twitter:data1\" content=\"1 minute\" \/>\n<script type=\"application\/ld+json\" class=\"yoast-schema-graph\">{\"@context\":\"https:\/\/schema.org\",\"@graph\":[{\"@type\":\"WebPage\",\"@id\":\"https:\/\/www.ingavalerie.com\/product\/salopeta-cargo-neagra-cu-detalii-lucioase\/\",\"url\":\"https:\/\/www.ingavalerie.com\/product\/salopeta-cargo-neagra-cu-detalii-lucioase\/\",\"name\":\"Salopet\u0103 cargo neagr\u0103 cu detalii lucioase - Inga Valerie\",\"isPartOf\":{\"@id\":\"https:\/\/www.ingavalerie.com\/#website\"},\"primaryImageOfPage\":{\"@id\":\"https:\/\/www.ingavalerie.com\/product\/salopeta-cargo-neagra-cu-detalii-lucioase\/#primaryimage\"},\"image\":{\"@id\":\"https:\/\/www.ingavalerie.com\/product\/salopeta-cargo-neagra-cu-detalii-lucioase\/#primaryimage\"},\"thumbnailUrl\":\"https:\/\/www.ingavalerie.com\/wp-content\/uploads\/2020\/06\/138.1-scaled.jpg\",\"datePublished\":\"2020-06-15T19:10:07+00:00\",\"dateModified\":\"2023-03-21T18:58:20+00:00\",\"breadcrumb\":{\"@id\":\"https:\/\/www.ingavalerie.com\/product\/salopeta-cargo-neagra-cu-detalii-lucioase\/#breadcrumb\"},\"inLanguage\":\"en-US\",\"potentialAction\":[{\"@type\":\"ReadAction\",\"target\":[\"https:\/\/www.ingavalerie.com\/product\/salopeta-cargo-neagra-cu-detalii-lucioase\/\"]}]},{\"@type\":\"ImageObject\",\"inLanguage\":\"en-US\",\"@id\":\"https:\/\/www.ingavalerie.com\/product\/salopeta-cargo-neagra-cu-detalii-lucioase\/#primaryimage\",\"url\":\"https:\/\/www.ingavalerie.com\/wp-content\/uploads\/2020\/06\/138.1-scaled.jpg\",\"contentUrl\":\"https:\/\/www.ingavalerie.com\/wp-content\/uploads\/2020\/06\/138.1-scaled.jpg\",\"width\":2201,\"height\":2560},{\"@type\":\"BreadcrumbList\",\"@id\":\"https:\/\/www.ingavalerie.com\/product\/salopeta-cargo-neagra-cu-detalii-lucioase\/#breadcrumb\",\"itemListElement\":[{\"@type\":\"ListItem\",\"position\":1,\"name\":\"Prima pagin\u0103\",\"item\":\"https:\/\/www.ingavalerie.com\/\"},{\"@type\":\"ListItem\",\"position\":2,\"name\":\"Shop\",\"item\":\"https:\/\/www.ingavalerie.com\/shop\/\"},{\"@type\":\"ListItem\",\"position\":3,\"name\":\"Salopet\u0103 cargo neagr\u0103 cu detalii lucioase\"}]},{\"@type\":\"WebSite\",\"@id\":\"https:\/\/www.ingavalerie.com\/#website\",\"url\":\"https:\/\/www.ingavalerie.com\/\",\"name\":\"Inga Valerie\",\"description\":\"Inga Valerie\",\"publisher\":{\"@id\":\"https:\/\/www.ingavalerie.com\/#organization\"},\"potentialAction\":[{\"@type\":\"SearchAction\",\"target\":{\"@type\":\"EntryPoint\",\"urlTemplate\":\"https:\/\/www.ingavalerie.com\/?s={search_term_string}\"},\"query-input\":\"required name=search_term_string\"}],\"inLanguage\":\"en-US\"},{\"@type\":\"Organization\",\"@id\":\"https:\/\/www.ingavalerie.com\/#organization\",\"name\":\"Inga Valerie\",\"url\":\"https:\/\/www.ingavalerie.com\/\",\"logo\":{\"@type\":\"ImageObject\",\"inLanguage\":\"en-US\",\"@id\":\"https:\/\/www.ingavalerie.com\/#\/schema\/logo\/image\/\",\"url\":\"https:\/\/www.ingavalerie.com\/wp-content\/uploads\/2022\/09\/Inga-Valerie-Black-Trademark-Logo.png\",\"contentUrl\":\"https:\/\/www.ingavalerie.com\/wp-content\/uploads\/2022\/09\/Inga-Valerie-Black-Trademark-Logo.png\",\"width\":1000,\"height\":534,\"caption\":\"Inga Valerie\"},\"image\":{\"@id\":\"https:\/\/www.ingavalerie.com\/#\/schema\/logo\/image\/\"},\"sameAs\":[\"https:\/\/www.facebook.com\/ingavalerie.ro\/?ref=br_rs\",\"https:\/\/www.instagram.com\/inga.valerie\/\",\"https:\/\/www.youtube.com\/channel\/UChFLSttydbrfvI1Wf2SZzaQ\"]}]}<\/script>\n<!-- \/ Yoast SEO plugin. -->","yoast_head_json":{"title":"Salopet\u0103 cargo neagr\u0103 cu detalii lucioase - Inga Valerie","robots":{"index":"index","follow":"follow","max-snippet":"max-snippet:-1","max-image-preview":"max-image-preview:large","max-video-preview":"max-video-preview:-1"},"canonical":"https:\/\/www.ingavalerie.com\/en\/product\/salopeta-cargo-neagra-cu-detalii-lucioase\/","og_locale":"en_US","og_type":"article","og_title":"Salopet\u0103 cargo neagr\u0103 cu detalii lucioase - Inga Valerie","og_description":"Salopet\u0103 neagr\u0103, cu m\u00e2nec\u0103 lung\u0103. Glug\u0103 nedeta\u0219abil\u0103 cu c\u0103ptu\u0219eal\u0103 neagr\u0103 lucioas\u0103. \u00cenchidere frontal\u0103 cu fermoar argintiu ascuns de cus\u0103tur\u0103. Talie elastic\u0103. Buzunare laterale pe spate. Pe fa\u021b\u0103 sunt croite buzunare cu \u00eenchidere tip caps\u0103.  Culoare: Negru.  Compozi\u021bie: 92% Poliester. 8% Elastan. 64% Acrilic. 36% Nylon.  Modelul poart\u0103 m\u0103rimea\u00a038.  Bust: 88 cm \u00cen\u0103l\u021bime: 178 cm \u0218olduri: 92 cm Talie: 62 cm   VEZI TABELUL DE M\u0102RIMI   \u00ceNTREB\u0102RI-EMAIL","og_url":"https:\/\/www.ingavalerie.com\/en\/product\/salopeta-cargo-neagra-cu-detalii-lucioase\/","og_site_name":"Inga Valerie","article_publisher":"https:\/\/www.facebook.com\/ingavalerie.ro\/?ref=br_rs","article_modified_time":"2023-03-21T18:58:20+00:00","og_image":[{"width":2201,"height":2560,"url":"https:\/\/www.ingavalerie.com\/wp-content\/uploads\/2020\/06\/138.1-scaled.jpg","type":"image\/jpeg"}],"twitter_card":"summary_large_image","twitter_misc":{"Est. reading time":"1 minute"},"schema":{"@context":"https:\/\/schema.org","@graph":[{"@type":"WebPage","@id":"https:\/\/www.ingavalerie.com\/product\/salopeta-cargo-neagra-cu-detalii-lucioase\/","url":"https:\/\/www.ingavalerie.com\/product\/salopeta-cargo-neagra-cu-detalii-lucioase\/","name":"Salopet\u0103 cargo neagr\u0103 cu detalii lucioase - Inga Valerie","isPartOf":{"@id":"https:\/\/www.ingavalerie.com\/#website"},"primaryImageOfPage":{"@id":"https:\/\/www.ingavalerie.com\/product\/salopeta-cargo-neagra-cu-detalii-lucioase\/#primaryimage"},"image":{"@id":"https:\/\/www.ingavalerie.com\/product\/salopeta-cargo-neagra-cu-detalii-lucioase\/#primaryimage"},"thumbnailUrl":"https:\/\/www.ingavalerie.com\/wp-content\/uploads\/2020\/06\/138.1-scaled.jpg","datePublished":"2020-06-15T19:10:07+00:00","dateModified":"2023-03-21T18:58:20+00:00","breadcrumb":{"@id":"https:\/\/www.ingavalerie.com\/product\/salopeta-cargo-neagra-cu-detalii-lucioase\/#breadcrumb"},"inLanguage":"en-US","potentialAction":[{"@type":"ReadAction","target":["https:\/\/www.ingavalerie.com\/product\/salopeta-cargo-neagra-cu-detalii-lucioase\/"]}]},{"@type":"ImageObject","inLanguage":"en-US","@id":"https:\/\/www.ingavalerie.com\/product\/salopeta-cargo-neagra-cu-detalii-lucioase\/#primaryimage","url":"https:\/\/www.ingavalerie.com\/wp-content\/uploads\/2020\/06\/138.1-scaled.jpg","contentUrl":"https:\/\/www.ingavalerie.com\/wp-content\/uploads\/2020\/06\/138.1-scaled.jpg","width":2201,"height":2560},{"@type":"BreadcrumbList","@id":"https:\/\/www.ingavalerie.com\/product\/salopeta-cargo-neagra-cu-detalii-lucioase\/#breadcrumb","itemListElement":[{"@type":"ListItem","position":1,"name":"Prima pagin\u0103","item":"https:\/\/www.ingavalerie.com\/"},{"@type":"ListItem","position":2,"name":"Shop","item":"https:\/\/www.ingavalerie.com\/shop\/"},{"@type":"ListItem","position":3,"name":"Salopet\u0103 cargo neagr\u0103 cu detalii lucioase"}]},{"@type":"WebSite","@id":"https:\/\/www.ingavalerie.com\/#website","url":"https:\/\/www.ingavalerie.com\/","name":"Inga Valerie","description":"Inga Valerie","publisher":{"@id":"https:\/\/www.ingavalerie.com\/#organization"},"potentialAction":[{"@type":"SearchAction","target":{"@type":"EntryPoint","urlTemplate":"https:\/\/www.ingavalerie.com\/?s={search_term_string}"},"query-input":"required name=search_term_string"}],"inLanguage":"en-US"},{"@type":"Organization","@id":"https:\/\/www.ingavalerie.com\/#organization","name":"Inga Valerie","url":"https:\/\/www.ingavalerie.com\/","logo":{"@type":"ImageObject","inLanguage":"en-US","@id":"https:\/\/www.ingavalerie.com\/#\/schema\/logo\/image\/","url":"https:\/\/www.ingavalerie.com\/wp-content\/uploads\/2022\/09\/Inga-Valerie-Black-Trademark-Logo.png","contentUrl":"https:\/\/www.ingavalerie.com\/wp-content\/uploads\/2022\/09\/Inga-Valerie-Black-Trademark-Logo.png","width":1000,"height":534,"caption":"Inga Valerie"},"image":{"@id":"https:\/\/www.ingavalerie.com\/#\/schema\/logo\/image\/"},"sameAs":["https:\/\/www.facebook.com\/ingavalerie.ro\/?ref=br_rs","https:\/\/www.instagram.com\/inga.valerie\/","https:\/\/www.youtube.com\/channel\/UChFLSttydbrfvI1Wf2SZzaQ"]}]}},"_links":{"self":[{"href":"https:\/\/www.ingavalerie.com\/en\/wp-json\/wp\/v2\/product\/15717"}],"collection":[{"href":"https:\/\/www.ingavalerie.com\/en\/wp-json\/wp\/v2\/product"}],"about":[{"href":"https:\/\/www.ingavalerie.com\/en\/wp-json\/wp\/v2\/types\/product"}],"wp:featuredmedia":[{"embeddable":true,"href":"https:\/\/www.ingavalerie.com\/en\/wp-json\/wp\/v2\/media\/17632"}],"wp:attachment":[{"href":"https:\/\/www.ingavalerie.com\/en\/wp-json\/wp\/v2\/media?parent=15717"}],"wp:term":[{"taxonomy":"product_cat","embeddable":true,"href":"https:\/\/www.ingavalerie.com\/en\/wp-json\/wp\/v2\/product_cat?post=15717"},{"taxonomy":"product_tag","embeddable":true,"href":"https:\/\/www.ingavalerie.com\/en\/wp-json\/wp\/v2\/product_tag?post=15717"}],"curies":[{"name":"wp","href":"https:\/\/api.w.org\/{rel}","templated":true}]}}