{"id":19508,"date":"2022-03-30T20:21:52","date_gmt":"2022-03-30T20:21:52","guid":{"rendered":"https:\/\/www.ingavalerie.com\/?post_type=product&#038;p=19508"},"modified":"2026-03-19T14:53:37","modified_gmt":"2026-03-19T14:53:37","slug":"rochie-vaporoasa-argintie-cu-bretele-subtiri","status":"publish","type":"product","link":"https:\/\/www.ingavalerie.com\/en\/product\/rochie-vaporoasa-argintie-cu-bretele-subtiri\/","title":{"rendered":"Long silver dress with thin straps"},"content":{"rendered":"Fluffy long summer dress with thin straps. Gold and silver details on edge of neckline.","protected":false},"excerpt":{"rendered":"<p>Fluffy long summer dress with thin straps. Gold and silver details on edge of neckline.<\/p>\n<p>Color: Silver.<\/p>\n<p>Fabric: 83% Viscose, 17% Polyamide.<\/p>\n<p>Model wears one size.<\/p>\n<p>Bust size: 88cm<br \/>\nHeight size: 178 cm<br \/>\nHip size: 92 cm<br \/>\nWaist size: 62 cm<\/p>\n<p><a href=\"https:\/\/ingavalerie.com\/wp-content\/uploads\/2019\/02\/pants-.pdf\" target=\"popup\" rel=\"noopener noreferrer\"><br \/>\n<strong>Check out our size guide<\/strong><br \/>\n<\/a><\/p>\n<p><a href=\"mailto:comenzi@ingavalerie.com\"><span style=\"color: black;\">Questions on Email<\/span><\/a><\/p>","protected":false},"featured_media":19512,"template":"","meta":[],"product_cat":[116,73],"product_tag":[288,287,290,289,297,292],"yoast_head":"<!-- This site is optimized with the Yoast SEO plugin v23.0 - https:\/\/yoast.com\/wordpress\/plugins\/seo\/ -->\n<title>Rochie vaporoas\u0103 argintie cu bretele sub\u021biri - Inga Valerie<\/title>\n<meta name=\"robots\" content=\"index, follow, max-snippet:-1, max-image-preview:large, max-video-preview:-1\" \/>\n<link rel=\"canonical\" href=\"https:\/\/www.ingavalerie.com\/en\/product\/rochie-vaporoasa-argintie-cu-bretele-subtiri\/\" \/>\n<meta property=\"og:locale\" content=\"en_US\" \/>\n<meta property=\"og:type\" content=\"article\" \/>\n<meta property=\"og:title\" content=\"Rochie vaporoas\u0103 argintie cu bretele sub\u021biri - Inga Valerie\" \/>\n<meta property=\"og:description\" content=\"Rochie lung\u0103 argintie vaporoas\u0103 de var\u0103 cu bretele sub\u021biri. Detalii aurii \u0219i argintie pe marginea decolteului.  Culoare: Argintie.  Compozi\u021bie: 83% V\u00e2scoz\u0103. 17% Poliamid\u0103.  Modelul poart\u0103 m\u0103rime universal\u0103.  Bust: 88 cm \u00cen\u0103l\u021bime: 178 cm \u0218olduri: 92 cm Talie: 62 cm   VEZI TABELUL DE M\u0102RIMI   \u00ceNTREB\u0102RI-EMAIL\" \/>\n<meta property=\"og:url\" content=\"https:\/\/www.ingavalerie.com\/en\/product\/rochie-vaporoasa-argintie-cu-bretele-subtiri\/\" \/>\n<meta property=\"og:site_name\" content=\"Inga Valerie\" \/>\n<meta property=\"article:publisher\" content=\"https:\/\/www.facebook.com\/ingavalerie.ro\/?ref=br_rs\" \/>\n<meta property=\"article:modified_time\" content=\"2026-03-19T14:53:37+00:00\" \/>\n<meta property=\"og:image\" content=\"https:\/\/www.ingavalerie.com\/wp-content\/uploads\/2022\/03\/108.1.1-scaled.jpg\" \/>\n\t<meta property=\"og:image:width\" content=\"2390\" \/>\n\t<meta property=\"og:image:height\" content=\"2560\" \/>\n\t<meta property=\"og:image:type\" content=\"image\/jpeg\" \/>\n<meta name=\"twitter:card\" content=\"summary_large_image\" \/>\n<meta name=\"twitter:label1\" content=\"Est. reading time\" \/>\n\t<meta name=\"twitter:data1\" content=\"1 minute\" \/>\n<script type=\"application\/ld+json\" class=\"yoast-schema-graph\">{\"@context\":\"https:\/\/schema.org\",\"@graph\":[{\"@type\":\"WebPage\",\"@id\":\"https:\/\/www.ingavalerie.com\/product\/rochie-vaporoasa-argintie-cu-bretele-subtiri\/\",\"url\":\"https:\/\/www.ingavalerie.com\/product\/rochie-vaporoasa-argintie-cu-bretele-subtiri\/\",\"name\":\"Rochie vaporoas\u0103 argintie cu bretele sub\u021biri - Inga Valerie\",\"isPartOf\":{\"@id\":\"https:\/\/www.ingavalerie.com\/#website\"},\"primaryImageOfPage\":{\"@id\":\"https:\/\/www.ingavalerie.com\/product\/rochie-vaporoasa-argintie-cu-bretele-subtiri\/#primaryimage\"},\"image\":{\"@id\":\"https:\/\/www.ingavalerie.com\/product\/rochie-vaporoasa-argintie-cu-bretele-subtiri\/#primaryimage\"},\"thumbnailUrl\":\"https:\/\/www.ingavalerie.com\/wp-content\/uploads\/2022\/03\/108.1.1-scaled.jpg\",\"datePublished\":\"2022-03-30T20:21:52+00:00\",\"dateModified\":\"2026-03-19T14:53:37+00:00\",\"breadcrumb\":{\"@id\":\"https:\/\/www.ingavalerie.com\/product\/rochie-vaporoasa-argintie-cu-bretele-subtiri\/#breadcrumb\"},\"inLanguage\":\"en-US\",\"potentialAction\":[{\"@type\":\"ReadAction\",\"target\":[\"https:\/\/www.ingavalerie.com\/product\/rochie-vaporoasa-argintie-cu-bretele-subtiri\/\"]}]},{\"@type\":\"ImageObject\",\"inLanguage\":\"en-US\",\"@id\":\"https:\/\/www.ingavalerie.com\/product\/rochie-vaporoasa-argintie-cu-bretele-subtiri\/#primaryimage\",\"url\":\"https:\/\/www.ingavalerie.com\/wp-content\/uploads\/2022\/03\/108.1.1-scaled.jpg\",\"contentUrl\":\"https:\/\/www.ingavalerie.com\/wp-content\/uploads\/2022\/03\/108.1.1-scaled.jpg\",\"width\":2390,\"height\":2560},{\"@type\":\"BreadcrumbList\",\"@id\":\"https:\/\/www.ingavalerie.com\/product\/rochie-vaporoasa-argintie-cu-bretele-subtiri\/#breadcrumb\",\"itemListElement\":[{\"@type\":\"ListItem\",\"position\":1,\"name\":\"Prima pagin\u0103\",\"item\":\"https:\/\/www.ingavalerie.com\/\"},{\"@type\":\"ListItem\",\"position\":2,\"name\":\"Shop\",\"item\":\"https:\/\/www.ingavalerie.com\/shop\/\"},{\"@type\":\"ListItem\",\"position\":3,\"name\":\"Rochie vaporoas\u0103 argintie cu bretele sub\u021biri\"}]},{\"@type\":\"WebSite\",\"@id\":\"https:\/\/www.ingavalerie.com\/#website\",\"url\":\"https:\/\/www.ingavalerie.com\/\",\"name\":\"Inga Valerie\",\"description\":\"Inga Valerie\",\"publisher\":{\"@id\":\"https:\/\/www.ingavalerie.com\/#organization\"},\"potentialAction\":[{\"@type\":\"SearchAction\",\"target\":{\"@type\":\"EntryPoint\",\"urlTemplate\":\"https:\/\/www.ingavalerie.com\/?s={search_term_string}\"},\"query-input\":\"required name=search_term_string\"}],\"inLanguage\":\"en-US\"},{\"@type\":\"Organization\",\"@id\":\"https:\/\/www.ingavalerie.com\/#organization\",\"name\":\"Inga Valerie\",\"url\":\"https:\/\/www.ingavalerie.com\/\",\"logo\":{\"@type\":\"ImageObject\",\"inLanguage\":\"en-US\",\"@id\":\"https:\/\/www.ingavalerie.com\/#\/schema\/logo\/image\/\",\"url\":\"https:\/\/www.ingavalerie.com\/wp-content\/uploads\/2022\/09\/Inga-Valerie-Black-Trademark-Logo.png\",\"contentUrl\":\"https:\/\/www.ingavalerie.com\/wp-content\/uploads\/2022\/09\/Inga-Valerie-Black-Trademark-Logo.png\",\"width\":1000,\"height\":534,\"caption\":\"Inga Valerie\"},\"image\":{\"@id\":\"https:\/\/www.ingavalerie.com\/#\/schema\/logo\/image\/\"},\"sameAs\":[\"https:\/\/www.facebook.com\/ingavalerie.ro\/?ref=br_rs\",\"https:\/\/www.instagram.com\/inga.valerie\/\",\"https:\/\/www.youtube.com\/channel\/UChFLSttydbrfvI1Wf2SZzaQ\"]}]}<\/script>\n<!-- \/ Yoast SEO plugin. -->","yoast_head_json":{"title":"Rochie vaporoas\u0103 argintie cu bretele sub\u021biri - Inga Valerie","robots":{"index":"index","follow":"follow","max-snippet":"max-snippet:-1","max-image-preview":"max-image-preview:large","max-video-preview":"max-video-preview:-1"},"canonical":"https:\/\/www.ingavalerie.com\/en\/product\/rochie-vaporoasa-argintie-cu-bretele-subtiri\/","og_locale":"en_US","og_type":"article","og_title":"Rochie vaporoas\u0103 argintie cu bretele sub\u021biri - Inga Valerie","og_description":"Rochie lung\u0103 argintie vaporoas\u0103 de var\u0103 cu bretele sub\u021biri. Detalii aurii \u0219i argintie pe marginea decolteului.  Culoare: Argintie.  Compozi\u021bie: 83% V\u00e2scoz\u0103. 17% Poliamid\u0103.  Modelul poart\u0103 m\u0103rime universal\u0103.  Bust: 88 cm \u00cen\u0103l\u021bime: 178 cm \u0218olduri: 92 cm Talie: 62 cm   VEZI TABELUL DE M\u0102RIMI   \u00ceNTREB\u0102RI-EMAIL","og_url":"https:\/\/www.ingavalerie.com\/en\/product\/rochie-vaporoasa-argintie-cu-bretele-subtiri\/","og_site_name":"Inga Valerie","article_publisher":"https:\/\/www.facebook.com\/ingavalerie.ro\/?ref=br_rs","article_modified_time":"2026-03-19T14:53:37+00:00","og_image":[{"width":2390,"height":2560,"url":"https:\/\/www.ingavalerie.com\/wp-content\/uploads\/2022\/03\/108.1.1-scaled.jpg","type":"image\/jpeg"}],"twitter_card":"summary_large_image","twitter_misc":{"Est. reading time":"1 minute"},"schema":{"@context":"https:\/\/schema.org","@graph":[{"@type":"WebPage","@id":"https:\/\/www.ingavalerie.com\/product\/rochie-vaporoasa-argintie-cu-bretele-subtiri\/","url":"https:\/\/www.ingavalerie.com\/product\/rochie-vaporoasa-argintie-cu-bretele-subtiri\/","name":"Rochie vaporoas\u0103 argintie cu bretele sub\u021biri - Inga Valerie","isPartOf":{"@id":"https:\/\/www.ingavalerie.com\/#website"},"primaryImageOfPage":{"@id":"https:\/\/www.ingavalerie.com\/product\/rochie-vaporoasa-argintie-cu-bretele-subtiri\/#primaryimage"},"image":{"@id":"https:\/\/www.ingavalerie.com\/product\/rochie-vaporoasa-argintie-cu-bretele-subtiri\/#primaryimage"},"thumbnailUrl":"https:\/\/www.ingavalerie.com\/wp-content\/uploads\/2022\/03\/108.1.1-scaled.jpg","datePublished":"2022-03-30T20:21:52+00:00","dateModified":"2026-03-19T14:53:37+00:00","breadcrumb":{"@id":"https:\/\/www.ingavalerie.com\/product\/rochie-vaporoasa-argintie-cu-bretele-subtiri\/#breadcrumb"},"inLanguage":"en-US","potentialAction":[{"@type":"ReadAction","target":["https:\/\/www.ingavalerie.com\/product\/rochie-vaporoasa-argintie-cu-bretele-subtiri\/"]}]},{"@type":"ImageObject","inLanguage":"en-US","@id":"https:\/\/www.ingavalerie.com\/product\/rochie-vaporoasa-argintie-cu-bretele-subtiri\/#primaryimage","url":"https:\/\/www.ingavalerie.com\/wp-content\/uploads\/2022\/03\/108.1.1-scaled.jpg","contentUrl":"https:\/\/www.ingavalerie.com\/wp-content\/uploads\/2022\/03\/108.1.1-scaled.jpg","width":2390,"height":2560},{"@type":"BreadcrumbList","@id":"https:\/\/www.ingavalerie.com\/product\/rochie-vaporoasa-argintie-cu-bretele-subtiri\/#breadcrumb","itemListElement":[{"@type":"ListItem","position":1,"name":"Prima pagin\u0103","item":"https:\/\/www.ingavalerie.com\/"},{"@type":"ListItem","position":2,"name":"Shop","item":"https:\/\/www.ingavalerie.com\/shop\/"},{"@type":"ListItem","position":3,"name":"Rochie vaporoas\u0103 argintie cu bretele sub\u021biri"}]},{"@type":"WebSite","@id":"https:\/\/www.ingavalerie.com\/#website","url":"https:\/\/www.ingavalerie.com\/","name":"Inga Valerie","description":"Inga Valerie","publisher":{"@id":"https:\/\/www.ingavalerie.com\/#organization"},"potentialAction":[{"@type":"SearchAction","target":{"@type":"EntryPoint","urlTemplate":"https:\/\/www.ingavalerie.com\/?s={search_term_string}"},"query-input":"required name=search_term_string"}],"inLanguage":"en-US"},{"@type":"Organization","@id":"https:\/\/www.ingavalerie.com\/#organization","name":"Inga Valerie","url":"https:\/\/www.ingavalerie.com\/","logo":{"@type":"ImageObject","inLanguage":"en-US","@id":"https:\/\/www.ingavalerie.com\/#\/schema\/logo\/image\/","url":"https:\/\/www.ingavalerie.com\/wp-content\/uploads\/2022\/09\/Inga-Valerie-Black-Trademark-Logo.png","contentUrl":"https:\/\/www.ingavalerie.com\/wp-content\/uploads\/2022\/09\/Inga-Valerie-Black-Trademark-Logo.png","width":1000,"height":534,"caption":"Inga Valerie"},"image":{"@id":"https:\/\/www.ingavalerie.com\/#\/schema\/logo\/image\/"},"sameAs":["https:\/\/www.facebook.com\/ingavalerie.ro\/?ref=br_rs","https:\/\/www.instagram.com\/inga.valerie\/","https:\/\/www.youtube.com\/channel\/UChFLSttydbrfvI1Wf2SZzaQ"]}]}},"_links":{"self":[{"href":"https:\/\/www.ingavalerie.com\/en\/wp-json\/wp\/v2\/product\/19508"}],"collection":[{"href":"https:\/\/www.ingavalerie.com\/en\/wp-json\/wp\/v2\/product"}],"about":[{"href":"https:\/\/www.ingavalerie.com\/en\/wp-json\/wp\/v2\/types\/product"}],"wp:featuredmedia":[{"embeddable":true,"href":"https:\/\/www.ingavalerie.com\/en\/wp-json\/wp\/v2\/media\/19512"}],"wp:attachment":[{"href":"https:\/\/www.ingavalerie.com\/en\/wp-json\/wp\/v2\/media?parent=19508"}],"wp:term":[{"taxonomy":"product_cat","embeddable":true,"href":"https:\/\/www.ingavalerie.com\/en\/wp-json\/wp\/v2\/product_cat?post=19508"},{"taxonomy":"product_tag","embeddable":true,"href":"https:\/\/www.ingavalerie.com\/en\/wp-json\/wp\/v2\/product_tag?post=19508"}],"curies":[{"name":"wp","href":"https:\/\/api.w.org\/{rel}","templated":true}]}}