{"id":19546,"date":"2022-03-30T22:02:56","date_gmt":"2022-03-30T22:02:56","guid":{"rendered":"https:\/\/www.ingavalerie.com\/?post_type=product&#038;p=19546"},"modified":"2024-04-08T17:19:50","modified_gmt":"2024-04-08T17:19:50","slug":"rochie-over-size-neagra-cu-imprimeu-floral-galben","status":"publish","type":"product","link":"https:\/\/www.ingavalerie.com\/en\/product\/rochie-over-size-neagra-cu-imprimeu-floral-galben\/","title":{"rendered":"Black oversize dress with yellow floral print"},"content":{"rendered":"Rochie over size din satin neagra cu imprimeu floral. M\u00e2nec\u0103 scurt\u0103 cu man\u0219ete late cu detalii din satin negru. Buzunare deschise pe lateral. Guler rotund cu glug\u0103. Croi lejer cu lungime midi.","protected":false},"excerpt":{"rendered":"<p>Rochie over size din satin neagra cu imprimeu floral. M\u00e2nec\u0103 scurt\u0103 cu man\u0219ete late cu detalii din satin negru. Buzunare deschise pe lateral. Guler rotund cu glug\u0103. Croi lejer cu lungime midi.<\/p>\n<p>Color: Black\/Yellow.<\/p>\n<p>Fabric: 92% Polyesther 8% Elastane. 83% Viscose 17% Polyamide.<\/p>\n<p>Model wears size 38.<\/p>\n<p>Bust size: 88cm<br \/>\nHeight size: 178 cm<br \/>\nHip size: 92 cm<br \/>\nWaist size: 62 cm<\/p>\n<p><a href=\"https:\/\/ingavalerie.com\/wp-content\/uploads\/2019\/02\/dresses.pdf\" target=\"popup\" rel=\"noopener noreferrer\"><br \/>\n<strong>Check out our size guide<\/strong><br \/>\n<\/a><\/p>\n<p><a href=\"mailto:comenzi@ingavalerie.com\"><span style=\"color: black;\">Questions on Email<\/span><\/a><\/p>","protected":false},"featured_media":19549,"template":"","meta":[],"product_cat":[164,116,73],"product_tag":[],"yoast_head":"<!-- This site is optimized with the Yoast SEO plugin v23.0 - https:\/\/yoast.com\/wordpress\/plugins\/seo\/ -->\n<title>Rochie over size neagr\u0103 cu imprimeu floral galben - Inga Valerie<\/title>\n<meta name=\"robots\" content=\"index, follow, max-snippet:-1, max-image-preview:large, max-video-preview:-1\" \/>\n<link rel=\"canonical\" href=\"https:\/\/www.ingavalerie.com\/en\/product\/rochie-over-size-neagra-cu-imprimeu-floral-galben\/\" \/>\n<meta property=\"og:locale\" content=\"en_US\" \/>\n<meta property=\"og:type\" content=\"article\" \/>\n<meta property=\"og:title\" content=\"Rochie over size neagr\u0103 cu imprimeu floral galben - Inga Valerie\" \/>\n<meta property=\"og:description\" content=\"Rochie over size din satin neagra cu imprimeu floral. M\u00e2nec\u0103 scurt\u0103 cu man\u0219ete late cu detalii din satin negru. Buzunare deschise pe lateral. Guler rotund cu glug\u0103. Croi lejer cu lungime midi.  Culoare: Negru\/Galben.  Compozi\u021bie: 92% Poliester 8% Elastan. Vascoza 83% Polyamida 17%.  Modelul poarta marimea 38.  Bust: 88 cm Inaltime: 178 cm Solduri: 92 cm Talie: 62 cm   VEZI TABELUL DE M\u0102RIMI   \u00ceNTREB\u0102RI-EMAIL\" \/>\n<meta property=\"og:url\" content=\"https:\/\/www.ingavalerie.com\/en\/product\/rochie-over-size-neagra-cu-imprimeu-floral-galben\/\" \/>\n<meta property=\"og:site_name\" content=\"Inga Valerie\" \/>\n<meta property=\"article:publisher\" content=\"https:\/\/www.facebook.com\/ingavalerie.ro\/?ref=br_rs\" \/>\n<meta property=\"article:modified_time\" content=\"2024-04-08T17:19:50+00:00\" \/>\n<meta property=\"og:image\" content=\"https:\/\/www.ingavalerie.com\/wp-content\/uploads\/2022\/03\/112.1.1-scaled.jpg\" \/>\n\t<meta property=\"og:image:width\" content=\"2408\" \/>\n\t<meta property=\"og:image:height\" content=\"2560\" \/>\n\t<meta property=\"og:image:type\" content=\"image\/jpeg\" \/>\n<meta name=\"twitter:card\" content=\"summary_large_image\" \/>\n<meta name=\"twitter:label1\" content=\"Est. reading time\" \/>\n\t<meta name=\"twitter:data1\" content=\"1 minute\" \/>\n<script type=\"application\/ld+json\" class=\"yoast-schema-graph\">{\"@context\":\"https:\/\/schema.org\",\"@graph\":[{\"@type\":\"WebPage\",\"@id\":\"https:\/\/www.ingavalerie.com\/product\/rochie-over-size-neagra-cu-imprimeu-floral-galben\/\",\"url\":\"https:\/\/www.ingavalerie.com\/product\/rochie-over-size-neagra-cu-imprimeu-floral-galben\/\",\"name\":\"Rochie over size neagr\u0103 cu imprimeu floral galben - Inga Valerie\",\"isPartOf\":{\"@id\":\"https:\/\/www.ingavalerie.com\/#website\"},\"primaryImageOfPage\":{\"@id\":\"https:\/\/www.ingavalerie.com\/product\/rochie-over-size-neagra-cu-imprimeu-floral-galben\/#primaryimage\"},\"image\":{\"@id\":\"https:\/\/www.ingavalerie.com\/product\/rochie-over-size-neagra-cu-imprimeu-floral-galben\/#primaryimage\"},\"thumbnailUrl\":\"https:\/\/www.ingavalerie.com\/wp-content\/uploads\/2022\/03\/112.1.1-scaled.jpg\",\"datePublished\":\"2022-03-30T22:02:56+00:00\",\"dateModified\":\"2024-04-08T17:19:50+00:00\",\"breadcrumb\":{\"@id\":\"https:\/\/www.ingavalerie.com\/product\/rochie-over-size-neagra-cu-imprimeu-floral-galben\/#breadcrumb\"},\"inLanguage\":\"en-US\",\"potentialAction\":[{\"@type\":\"ReadAction\",\"target\":[\"https:\/\/www.ingavalerie.com\/product\/rochie-over-size-neagra-cu-imprimeu-floral-galben\/\"]}]},{\"@type\":\"ImageObject\",\"inLanguage\":\"en-US\",\"@id\":\"https:\/\/www.ingavalerie.com\/product\/rochie-over-size-neagra-cu-imprimeu-floral-galben\/#primaryimage\",\"url\":\"https:\/\/www.ingavalerie.com\/wp-content\/uploads\/2022\/03\/112.1.1-scaled.jpg\",\"contentUrl\":\"https:\/\/www.ingavalerie.com\/wp-content\/uploads\/2022\/03\/112.1.1-scaled.jpg\",\"width\":2408,\"height\":2560},{\"@type\":\"BreadcrumbList\",\"@id\":\"https:\/\/www.ingavalerie.com\/product\/rochie-over-size-neagra-cu-imprimeu-floral-galben\/#breadcrumb\",\"itemListElement\":[{\"@type\":\"ListItem\",\"position\":1,\"name\":\"Prima pagin\u0103\",\"item\":\"https:\/\/www.ingavalerie.com\/\"},{\"@type\":\"ListItem\",\"position\":2,\"name\":\"Shop\",\"item\":\"https:\/\/www.ingavalerie.com\/shop\/\"},{\"@type\":\"ListItem\",\"position\":3,\"name\":\"Rochie over size neagr\u0103 cu imprimeu floral galben\"}]},{\"@type\":\"WebSite\",\"@id\":\"https:\/\/www.ingavalerie.com\/#website\",\"url\":\"https:\/\/www.ingavalerie.com\/\",\"name\":\"Inga Valerie\",\"description\":\"Inga Valerie\",\"publisher\":{\"@id\":\"https:\/\/www.ingavalerie.com\/#organization\"},\"potentialAction\":[{\"@type\":\"SearchAction\",\"target\":{\"@type\":\"EntryPoint\",\"urlTemplate\":\"https:\/\/www.ingavalerie.com\/?s={search_term_string}\"},\"query-input\":\"required name=search_term_string\"}],\"inLanguage\":\"en-US\"},{\"@type\":\"Organization\",\"@id\":\"https:\/\/www.ingavalerie.com\/#organization\",\"name\":\"Inga Valerie\",\"url\":\"https:\/\/www.ingavalerie.com\/\",\"logo\":{\"@type\":\"ImageObject\",\"inLanguage\":\"en-US\",\"@id\":\"https:\/\/www.ingavalerie.com\/#\/schema\/logo\/image\/\",\"url\":\"https:\/\/www.ingavalerie.com\/wp-content\/uploads\/2022\/09\/Inga-Valerie-Black-Trademark-Logo.png\",\"contentUrl\":\"https:\/\/www.ingavalerie.com\/wp-content\/uploads\/2022\/09\/Inga-Valerie-Black-Trademark-Logo.png\",\"width\":1000,\"height\":534,\"caption\":\"Inga Valerie\"},\"image\":{\"@id\":\"https:\/\/www.ingavalerie.com\/#\/schema\/logo\/image\/\"},\"sameAs\":[\"https:\/\/www.facebook.com\/ingavalerie.ro\/?ref=br_rs\",\"https:\/\/www.instagram.com\/inga.valerie\/\",\"https:\/\/www.youtube.com\/channel\/UChFLSttydbrfvI1Wf2SZzaQ\"]}]}<\/script>\n<!-- \/ Yoast SEO plugin. -->","yoast_head_json":{"title":"Rochie over size neagr\u0103 cu imprimeu floral galben - Inga Valerie","robots":{"index":"index","follow":"follow","max-snippet":"max-snippet:-1","max-image-preview":"max-image-preview:large","max-video-preview":"max-video-preview:-1"},"canonical":"https:\/\/www.ingavalerie.com\/en\/product\/rochie-over-size-neagra-cu-imprimeu-floral-galben\/","og_locale":"en_US","og_type":"article","og_title":"Rochie over size neagr\u0103 cu imprimeu floral galben - Inga Valerie","og_description":"Rochie over size din satin neagra cu imprimeu floral. M\u00e2nec\u0103 scurt\u0103 cu man\u0219ete late cu detalii din satin negru. Buzunare deschise pe lateral. Guler rotund cu glug\u0103. Croi lejer cu lungime midi.  Culoare: Negru\/Galben.  Compozi\u021bie: 92% Poliester 8% Elastan. Vascoza 83% Polyamida 17%.  Modelul poarta marimea 38.  Bust: 88 cm Inaltime: 178 cm Solduri: 92 cm Talie: 62 cm   VEZI TABELUL DE M\u0102RIMI   \u00ceNTREB\u0102RI-EMAIL","og_url":"https:\/\/www.ingavalerie.com\/en\/product\/rochie-over-size-neagra-cu-imprimeu-floral-galben\/","og_site_name":"Inga Valerie","article_publisher":"https:\/\/www.facebook.com\/ingavalerie.ro\/?ref=br_rs","article_modified_time":"2024-04-08T17:19:50+00:00","og_image":[{"width":2408,"height":2560,"url":"https:\/\/www.ingavalerie.com\/wp-content\/uploads\/2022\/03\/112.1.1-scaled.jpg","type":"image\/jpeg"}],"twitter_card":"summary_large_image","twitter_misc":{"Est. reading time":"1 minute"},"schema":{"@context":"https:\/\/schema.org","@graph":[{"@type":"WebPage","@id":"https:\/\/www.ingavalerie.com\/product\/rochie-over-size-neagra-cu-imprimeu-floral-galben\/","url":"https:\/\/www.ingavalerie.com\/product\/rochie-over-size-neagra-cu-imprimeu-floral-galben\/","name":"Rochie over size neagr\u0103 cu imprimeu floral galben - Inga Valerie","isPartOf":{"@id":"https:\/\/www.ingavalerie.com\/#website"},"primaryImageOfPage":{"@id":"https:\/\/www.ingavalerie.com\/product\/rochie-over-size-neagra-cu-imprimeu-floral-galben\/#primaryimage"},"image":{"@id":"https:\/\/www.ingavalerie.com\/product\/rochie-over-size-neagra-cu-imprimeu-floral-galben\/#primaryimage"},"thumbnailUrl":"https:\/\/www.ingavalerie.com\/wp-content\/uploads\/2022\/03\/112.1.1-scaled.jpg","datePublished":"2022-03-30T22:02:56+00:00","dateModified":"2024-04-08T17:19:50+00:00","breadcrumb":{"@id":"https:\/\/www.ingavalerie.com\/product\/rochie-over-size-neagra-cu-imprimeu-floral-galben\/#breadcrumb"},"inLanguage":"en-US","potentialAction":[{"@type":"ReadAction","target":["https:\/\/www.ingavalerie.com\/product\/rochie-over-size-neagra-cu-imprimeu-floral-galben\/"]}]},{"@type":"ImageObject","inLanguage":"en-US","@id":"https:\/\/www.ingavalerie.com\/product\/rochie-over-size-neagra-cu-imprimeu-floral-galben\/#primaryimage","url":"https:\/\/www.ingavalerie.com\/wp-content\/uploads\/2022\/03\/112.1.1-scaled.jpg","contentUrl":"https:\/\/www.ingavalerie.com\/wp-content\/uploads\/2022\/03\/112.1.1-scaled.jpg","width":2408,"height":2560},{"@type":"BreadcrumbList","@id":"https:\/\/www.ingavalerie.com\/product\/rochie-over-size-neagra-cu-imprimeu-floral-galben\/#breadcrumb","itemListElement":[{"@type":"ListItem","position":1,"name":"Prima pagin\u0103","item":"https:\/\/www.ingavalerie.com\/"},{"@type":"ListItem","position":2,"name":"Shop","item":"https:\/\/www.ingavalerie.com\/shop\/"},{"@type":"ListItem","position":3,"name":"Rochie over size neagr\u0103 cu imprimeu floral galben"}]},{"@type":"WebSite","@id":"https:\/\/www.ingavalerie.com\/#website","url":"https:\/\/www.ingavalerie.com\/","name":"Inga Valerie","description":"Inga Valerie","publisher":{"@id":"https:\/\/www.ingavalerie.com\/#organization"},"potentialAction":[{"@type":"SearchAction","target":{"@type":"EntryPoint","urlTemplate":"https:\/\/www.ingavalerie.com\/?s={search_term_string}"},"query-input":"required name=search_term_string"}],"inLanguage":"en-US"},{"@type":"Organization","@id":"https:\/\/www.ingavalerie.com\/#organization","name":"Inga Valerie","url":"https:\/\/www.ingavalerie.com\/","logo":{"@type":"ImageObject","inLanguage":"en-US","@id":"https:\/\/www.ingavalerie.com\/#\/schema\/logo\/image\/","url":"https:\/\/www.ingavalerie.com\/wp-content\/uploads\/2022\/09\/Inga-Valerie-Black-Trademark-Logo.png","contentUrl":"https:\/\/www.ingavalerie.com\/wp-content\/uploads\/2022\/09\/Inga-Valerie-Black-Trademark-Logo.png","width":1000,"height":534,"caption":"Inga Valerie"},"image":{"@id":"https:\/\/www.ingavalerie.com\/#\/schema\/logo\/image\/"},"sameAs":["https:\/\/www.facebook.com\/ingavalerie.ro\/?ref=br_rs","https:\/\/www.instagram.com\/inga.valerie\/","https:\/\/www.youtube.com\/channel\/UChFLSttydbrfvI1Wf2SZzaQ"]}]}},"_links":{"self":[{"href":"https:\/\/www.ingavalerie.com\/en\/wp-json\/wp\/v2\/product\/19546"}],"collection":[{"href":"https:\/\/www.ingavalerie.com\/en\/wp-json\/wp\/v2\/product"}],"about":[{"href":"https:\/\/www.ingavalerie.com\/en\/wp-json\/wp\/v2\/types\/product"}],"wp:featuredmedia":[{"embeddable":true,"href":"https:\/\/www.ingavalerie.com\/en\/wp-json\/wp\/v2\/media\/19549"}],"wp:attachment":[{"href":"https:\/\/www.ingavalerie.com\/en\/wp-json\/wp\/v2\/media?parent=19546"}],"wp:term":[{"taxonomy":"product_cat","embeddable":true,"href":"https:\/\/www.ingavalerie.com\/en\/wp-json\/wp\/v2\/product_cat?post=19546"},{"taxonomy":"product_tag","embeddable":true,"href":"https:\/\/www.ingavalerie.com\/en\/wp-json\/wp\/v2\/product_tag?post=19546"}],"curies":[{"name":"wp","href":"https:\/\/api.w.org\/{rel}","templated":true}]}}