{"id":20740,"date":"2023-03-17T01:18:52","date_gmt":"2023-03-17T01:18:52","guid":{"rendered":"https:\/\/www.ingavalerie.com\/?post_type=product&#038;p=20740"},"modified":"2024-01-07T14:14:49","modified_gmt":"2024-01-07T14:14:49","slug":"salopeta-dama-cargo-olive-cu-maneca-lunga","status":"publish","type":"product","link":"https:\/\/www.ingavalerie.com\/en\/product\/salopeta-dama-cargo-olive-cu-maneca-lunga\/","title":{"rendered":"Olive cargo jumpsuit with long sleeve"},"content":{"rendered":"Olive jumpsuit with long sleeve. Non-removable hood. Light green lined. Silver zip front closure. Elastic waist. Back side pockets. Front pockets with clips closure.","protected":false},"excerpt":{"rendered":"<p>Olive jumpsuit with long sleeve. Non-removable hood. Light green lined. Silver zip front closure. Elastic waist. Back side pockets. Front pockets with clips closure.<\/p>\n<p>Color: Olive.<\/p>\n<p>Fabric: 92% Viscose 8% Elastane. 95% Cotton 5% Elastane.<\/p>\n<p>Model wears size 40.<\/p>\n<p>Bust size: 88cm<br \/>\nHeight size: 178 cm<br \/>\nHip size: 92 cm<br \/>\nWaist size: 62 cm<\/p>\n<p><a href=\"https:\/\/ingavalerie.com\/wp-content\/uploads\/2019\/02\/pants-.pdf\" target=\"popup\" rel=\"noopener noreferrer\"><br \/>\n<strong>Check out our size guide<\/strong><br \/>\n<\/a><\/p>\n<p><a href=\"mailto:comenzi@ingavalerie.com\"><span style=\"color: black;\">Questions on Email<\/span><\/a><\/p>","protected":false},"featured_media":20731,"template":"","meta":[],"product_cat":[117,78],"product_tag":[],"yoast_head":"<!-- This site is optimized with the Yoast SEO plugin v23.0 - https:\/\/yoast.com\/wordpress\/plugins\/seo\/ -->\n<title>Salopet\u0103 dama cargo olive cu m\u00e2nec\u0103 lung\u0103 - Inga Valerie<\/title>\n<meta name=\"robots\" content=\"index, follow, max-snippet:-1, max-image-preview:large, max-video-preview:-1\" \/>\n<link rel=\"canonical\" href=\"https:\/\/www.ingavalerie.com\/en\/product\/salopeta-dama-cargo-olive-cu-maneca-lunga\/\" \/>\n<meta property=\"og:locale\" content=\"en_US\" \/>\n<meta property=\"og:type\" content=\"article\" \/>\n<meta property=\"og:title\" content=\"Salopet\u0103 dama cargo olive cu m\u00e2nec\u0103 lung\u0103 - Inga Valerie\" \/>\n<meta property=\"og:description\" content=\"Salopet\u0103 olive, cu m\u00e2nec\u0103 lung\u0103. Glug\u0103 nedeta\u0219abil\u0103 cu c\u0103ptu\u0219eal\u0103. \u00cenchidere frontal\u0103 cu fermoar auriu ascuns de cus\u0103tur\u0103. Talie elastic\u0103. Buzunare laterale pe spate. Pe fa\u021b\u0103 sunt croite buzunare cu \u00eenchidere tip caps\u0103.  Culoare: Olive.  Compozi\u021bie: 92% V\u00e2scoz\u0103 8% Elastan. 95% Bumbac 5% Elastan.  Modelul poart\u0103 m\u0103rimea\u00a040.  Bust: 88 cm \u00cen\u0103l\u021bime: 178 cm \u0218olduri: 92 cm Talie: 62 cm   VEZI TABELUL DE M\u0102RIMI   \u00ceNTREB\u0102RI-EMAIL\" \/>\n<meta property=\"og:url\" content=\"https:\/\/www.ingavalerie.com\/en\/product\/salopeta-dama-cargo-olive-cu-maneca-lunga\/\" \/>\n<meta property=\"og:site_name\" content=\"Inga Valerie\" \/>\n<meta property=\"article:publisher\" content=\"https:\/\/www.facebook.com\/ingavalerie.ro\/?ref=br_rs\" \/>\n<meta property=\"article:modified_time\" content=\"2024-01-07T14:14:49+00:00\" \/>\n<meta property=\"og:image\" content=\"https:\/\/www.ingavalerie.com\/wp-content\/uploads\/2023\/03\/1.1.jpg\" \/>\n\t<meta property=\"og:image:width\" content=\"1200\" \/>\n\t<meta property=\"og:image:height\" content=\"1200\" \/>\n\t<meta property=\"og:image:type\" content=\"image\/jpeg\" \/>\n<meta name=\"twitter:card\" content=\"summary_large_image\" \/>\n<meta name=\"twitter:label1\" content=\"Est. reading time\" \/>\n\t<meta name=\"twitter:data1\" content=\"1 minute\" \/>\n<script type=\"application\/ld+json\" class=\"yoast-schema-graph\">{\"@context\":\"https:\/\/schema.org\",\"@graph\":[{\"@type\":\"WebPage\",\"@id\":\"https:\/\/www.ingavalerie.com\/product\/salopeta-dama-cargo-olive-cu-maneca-lunga\/\",\"url\":\"https:\/\/www.ingavalerie.com\/product\/salopeta-dama-cargo-olive-cu-maneca-lunga\/\",\"name\":\"Salopet\u0103 dama cargo olive cu m\u00e2nec\u0103 lung\u0103 - Inga Valerie\",\"isPartOf\":{\"@id\":\"https:\/\/www.ingavalerie.com\/#website\"},\"primaryImageOfPage\":{\"@id\":\"https:\/\/www.ingavalerie.com\/product\/salopeta-dama-cargo-olive-cu-maneca-lunga\/#primaryimage\"},\"image\":{\"@id\":\"https:\/\/www.ingavalerie.com\/product\/salopeta-dama-cargo-olive-cu-maneca-lunga\/#primaryimage\"},\"thumbnailUrl\":\"https:\/\/www.ingavalerie.com\/wp-content\/uploads\/2023\/03\/1.1.jpg\",\"datePublished\":\"2023-03-17T01:18:52+00:00\",\"dateModified\":\"2024-01-07T14:14:49+00:00\",\"breadcrumb\":{\"@id\":\"https:\/\/www.ingavalerie.com\/product\/salopeta-dama-cargo-olive-cu-maneca-lunga\/#breadcrumb\"},\"inLanguage\":\"en-US\",\"potentialAction\":[{\"@type\":\"ReadAction\",\"target\":[\"https:\/\/www.ingavalerie.com\/product\/salopeta-dama-cargo-olive-cu-maneca-lunga\/\"]}]},{\"@type\":\"ImageObject\",\"inLanguage\":\"en-US\",\"@id\":\"https:\/\/www.ingavalerie.com\/product\/salopeta-dama-cargo-olive-cu-maneca-lunga\/#primaryimage\",\"url\":\"https:\/\/www.ingavalerie.com\/wp-content\/uploads\/2023\/03\/1.1.jpg\",\"contentUrl\":\"https:\/\/www.ingavalerie.com\/wp-content\/uploads\/2023\/03\/1.1.jpg\",\"width\":1200,\"height\":1200},{\"@type\":\"BreadcrumbList\",\"@id\":\"https:\/\/www.ingavalerie.com\/product\/salopeta-dama-cargo-olive-cu-maneca-lunga\/#breadcrumb\",\"itemListElement\":[{\"@type\":\"ListItem\",\"position\":1,\"name\":\"Prima pagin\u0103\",\"item\":\"https:\/\/www.ingavalerie.com\/\"},{\"@type\":\"ListItem\",\"position\":2,\"name\":\"Shop\",\"item\":\"https:\/\/www.ingavalerie.com\/shop\/\"},{\"@type\":\"ListItem\",\"position\":3,\"name\":\"Salopet\u0103 dama cargo olive cu m\u00e2nec\u0103 lung\u0103\"}]},{\"@type\":\"WebSite\",\"@id\":\"https:\/\/www.ingavalerie.com\/#website\",\"url\":\"https:\/\/www.ingavalerie.com\/\",\"name\":\"Inga Valerie\",\"description\":\"Inga Valerie\",\"publisher\":{\"@id\":\"https:\/\/www.ingavalerie.com\/#organization\"},\"potentialAction\":[{\"@type\":\"SearchAction\",\"target\":{\"@type\":\"EntryPoint\",\"urlTemplate\":\"https:\/\/www.ingavalerie.com\/?s={search_term_string}\"},\"query-input\":\"required name=search_term_string\"}],\"inLanguage\":\"en-US\"},{\"@type\":\"Organization\",\"@id\":\"https:\/\/www.ingavalerie.com\/#organization\",\"name\":\"Inga Valerie\",\"url\":\"https:\/\/www.ingavalerie.com\/\",\"logo\":{\"@type\":\"ImageObject\",\"inLanguage\":\"en-US\",\"@id\":\"https:\/\/www.ingavalerie.com\/#\/schema\/logo\/image\/\",\"url\":\"https:\/\/www.ingavalerie.com\/wp-content\/uploads\/2022\/09\/Inga-Valerie-Black-Trademark-Logo.png\",\"contentUrl\":\"https:\/\/www.ingavalerie.com\/wp-content\/uploads\/2022\/09\/Inga-Valerie-Black-Trademark-Logo.png\",\"width\":1000,\"height\":534,\"caption\":\"Inga Valerie\"},\"image\":{\"@id\":\"https:\/\/www.ingavalerie.com\/#\/schema\/logo\/image\/\"},\"sameAs\":[\"https:\/\/www.facebook.com\/ingavalerie.ro\/?ref=br_rs\",\"https:\/\/www.instagram.com\/inga.valerie\/\",\"https:\/\/www.youtube.com\/channel\/UChFLSttydbrfvI1Wf2SZzaQ\"]}]}<\/script>\n<!-- \/ Yoast SEO plugin. -->","yoast_head_json":{"title":"Salopet\u0103 dama cargo olive cu m\u00e2nec\u0103 lung\u0103 - Inga Valerie","robots":{"index":"index","follow":"follow","max-snippet":"max-snippet:-1","max-image-preview":"max-image-preview:large","max-video-preview":"max-video-preview:-1"},"canonical":"https:\/\/www.ingavalerie.com\/en\/product\/salopeta-dama-cargo-olive-cu-maneca-lunga\/","og_locale":"en_US","og_type":"article","og_title":"Salopet\u0103 dama cargo olive cu m\u00e2nec\u0103 lung\u0103 - Inga Valerie","og_description":"Salopet\u0103 olive, cu m\u00e2nec\u0103 lung\u0103. Glug\u0103 nedeta\u0219abil\u0103 cu c\u0103ptu\u0219eal\u0103. \u00cenchidere frontal\u0103 cu fermoar auriu ascuns de cus\u0103tur\u0103. Talie elastic\u0103. Buzunare laterale pe spate. Pe fa\u021b\u0103 sunt croite buzunare cu \u00eenchidere tip caps\u0103.  Culoare: Olive.  Compozi\u021bie: 92% V\u00e2scoz\u0103 8% Elastan. 95% Bumbac 5% Elastan.  Modelul poart\u0103 m\u0103rimea\u00a040.  Bust: 88 cm \u00cen\u0103l\u021bime: 178 cm \u0218olduri: 92 cm Talie: 62 cm   VEZI TABELUL DE M\u0102RIMI   \u00ceNTREB\u0102RI-EMAIL","og_url":"https:\/\/www.ingavalerie.com\/en\/product\/salopeta-dama-cargo-olive-cu-maneca-lunga\/","og_site_name":"Inga Valerie","article_publisher":"https:\/\/www.facebook.com\/ingavalerie.ro\/?ref=br_rs","article_modified_time":"2024-01-07T14:14:49+00:00","og_image":[{"width":1200,"height":1200,"url":"https:\/\/www.ingavalerie.com\/wp-content\/uploads\/2023\/03\/1.1.jpg","type":"image\/jpeg"}],"twitter_card":"summary_large_image","twitter_misc":{"Est. reading time":"1 minute"},"schema":{"@context":"https:\/\/schema.org","@graph":[{"@type":"WebPage","@id":"https:\/\/www.ingavalerie.com\/product\/salopeta-dama-cargo-olive-cu-maneca-lunga\/","url":"https:\/\/www.ingavalerie.com\/product\/salopeta-dama-cargo-olive-cu-maneca-lunga\/","name":"Salopet\u0103 dama cargo olive cu m\u00e2nec\u0103 lung\u0103 - Inga Valerie","isPartOf":{"@id":"https:\/\/www.ingavalerie.com\/#website"},"primaryImageOfPage":{"@id":"https:\/\/www.ingavalerie.com\/product\/salopeta-dama-cargo-olive-cu-maneca-lunga\/#primaryimage"},"image":{"@id":"https:\/\/www.ingavalerie.com\/product\/salopeta-dama-cargo-olive-cu-maneca-lunga\/#primaryimage"},"thumbnailUrl":"https:\/\/www.ingavalerie.com\/wp-content\/uploads\/2023\/03\/1.1.jpg","datePublished":"2023-03-17T01:18:52+00:00","dateModified":"2024-01-07T14:14:49+00:00","breadcrumb":{"@id":"https:\/\/www.ingavalerie.com\/product\/salopeta-dama-cargo-olive-cu-maneca-lunga\/#breadcrumb"},"inLanguage":"en-US","potentialAction":[{"@type":"ReadAction","target":["https:\/\/www.ingavalerie.com\/product\/salopeta-dama-cargo-olive-cu-maneca-lunga\/"]}]},{"@type":"ImageObject","inLanguage":"en-US","@id":"https:\/\/www.ingavalerie.com\/product\/salopeta-dama-cargo-olive-cu-maneca-lunga\/#primaryimage","url":"https:\/\/www.ingavalerie.com\/wp-content\/uploads\/2023\/03\/1.1.jpg","contentUrl":"https:\/\/www.ingavalerie.com\/wp-content\/uploads\/2023\/03\/1.1.jpg","width":1200,"height":1200},{"@type":"BreadcrumbList","@id":"https:\/\/www.ingavalerie.com\/product\/salopeta-dama-cargo-olive-cu-maneca-lunga\/#breadcrumb","itemListElement":[{"@type":"ListItem","position":1,"name":"Prima pagin\u0103","item":"https:\/\/www.ingavalerie.com\/"},{"@type":"ListItem","position":2,"name":"Shop","item":"https:\/\/www.ingavalerie.com\/shop\/"},{"@type":"ListItem","position":3,"name":"Salopet\u0103 dama cargo olive cu m\u00e2nec\u0103 lung\u0103"}]},{"@type":"WebSite","@id":"https:\/\/www.ingavalerie.com\/#website","url":"https:\/\/www.ingavalerie.com\/","name":"Inga Valerie","description":"Inga Valerie","publisher":{"@id":"https:\/\/www.ingavalerie.com\/#organization"},"potentialAction":[{"@type":"SearchAction","target":{"@type":"EntryPoint","urlTemplate":"https:\/\/www.ingavalerie.com\/?s={search_term_string}"},"query-input":"required name=search_term_string"}],"inLanguage":"en-US"},{"@type":"Organization","@id":"https:\/\/www.ingavalerie.com\/#organization","name":"Inga Valerie","url":"https:\/\/www.ingavalerie.com\/","logo":{"@type":"ImageObject","inLanguage":"en-US","@id":"https:\/\/www.ingavalerie.com\/#\/schema\/logo\/image\/","url":"https:\/\/www.ingavalerie.com\/wp-content\/uploads\/2022\/09\/Inga-Valerie-Black-Trademark-Logo.png","contentUrl":"https:\/\/www.ingavalerie.com\/wp-content\/uploads\/2022\/09\/Inga-Valerie-Black-Trademark-Logo.png","width":1000,"height":534,"caption":"Inga Valerie"},"image":{"@id":"https:\/\/www.ingavalerie.com\/#\/schema\/logo\/image\/"},"sameAs":["https:\/\/www.facebook.com\/ingavalerie.ro\/?ref=br_rs","https:\/\/www.instagram.com\/inga.valerie\/","https:\/\/www.youtube.com\/channel\/UChFLSttydbrfvI1Wf2SZzaQ"]}]}},"_links":{"self":[{"href":"https:\/\/www.ingavalerie.com\/en\/wp-json\/wp\/v2\/product\/20740"}],"collection":[{"href":"https:\/\/www.ingavalerie.com\/en\/wp-json\/wp\/v2\/product"}],"about":[{"href":"https:\/\/www.ingavalerie.com\/en\/wp-json\/wp\/v2\/types\/product"}],"wp:featuredmedia":[{"embeddable":true,"href":"https:\/\/www.ingavalerie.com\/en\/wp-json\/wp\/v2\/media\/20731"}],"wp:attachment":[{"href":"https:\/\/www.ingavalerie.com\/en\/wp-json\/wp\/v2\/media?parent=20740"}],"wp:term":[{"taxonomy":"product_cat","embeddable":true,"href":"https:\/\/www.ingavalerie.com\/en\/wp-json\/wp\/v2\/product_cat?post=20740"},{"taxonomy":"product_tag","embeddable":true,"href":"https:\/\/www.ingavalerie.com\/en\/wp-json\/wp\/v2\/product_tag?post=20740"}],"curies":[{"name":"wp","href":"https:\/\/api.w.org\/{rel}","templated":true}]}}