{"id":21137,"date":"2023-04-17T14:53:20","date_gmt":"2023-04-17T14:53:20","guid":{"rendered":"https:\/\/www.ingavalerie.com\/?post_type=product&#038;p=21137"},"modified":"2024-10-25T19:01:51","modified_gmt":"2024-10-25T19:01:51","slug":"jacheta-dama-din-neopren-bufanta-asimetrica-neagra","status":"publish","type":"product","link":"https:\/\/www.ingavalerie.com\/en\/product\/jacheta-dama-din-neopren-bufanta-asimetrica-neagra\/","title":{"rendered":"Black net asymmetrical large jacket"},"content":{"rendered":"Woman jacket from neoprene net, black, large, asymmetric with black fur details. Asymmetrical midi length. High neckline. Front closure with metalic accessories.Long large sleeves.Large edge decorated with metalic accessories. Belt from same fabric.","protected":false},"excerpt":{"rendered":"<p>Woman jacket from neoprene net, black, large, asymmetric with black fur details. Asymmetrical midi length. High neckline. Front closure with metalic accessories.Long large sleeves.Large edge decorated with metalic accessories. Belt from same fabric.<\/p>\n<p>Color: Black.<\/p>\n<p>Fabric:<br \/>\n100% ECO Fur: 58% Modale 24% Polyamide 5% Wool 10% Silk 3% Elastane<br \/>\nPolyesther 92% Elastane 8%<\/p>\n<p>Model wears size 38.<\/p>\n<p>Bust size: 88cm<br \/>\nHeight size: 178 cm<br \/>\nHip size: 92 cm<br \/>\nWaist size: 62 cm<\/p>\n<p><a href=\"https:\/\/ingavalerie.com\/wp-content\/uploads\/2019\/02\/tops-and-jackets-.pdf\" target=\"popup\" rel=\"noopener noreferrer\"><br \/>\n<strong>Check out our size guide<\/strong><br \/>\n<\/a><\/p>\n<p><a href=\"mailto:comenzi@ingavalerie.com\"><span style=\"color: black;\">Questions on Email<\/span><\/a><\/p>","protected":false},"featured_media":21142,"template":"","meta":[],"product_cat":[163,86,67],"product_tag":[],"yoast_head":"<!-- This site is optimized with the Yoast SEO plugin v23.0 - https:\/\/yoast.com\/wordpress\/plugins\/seo\/ -->\n<title>Jachet\u0103 dam\u0103 din neopren bufant\u0103 asimetric\u0103 neagr\u0103 - Inga Valerie<\/title>\n<meta name=\"robots\" content=\"index, follow, max-snippet:-1, max-image-preview:large, max-video-preview:-1\" \/>\n<link rel=\"canonical\" href=\"https:\/\/www.ingavalerie.com\/en\/product\/jacheta-dama-din-neopren-bufanta-asimetrica-neagra\/\" \/>\n<meta property=\"og:locale\" content=\"en_US\" \/>\n<meta property=\"og:type\" content=\"article\" \/>\n<meta property=\"og:title\" content=\"Jachet\u0103 dam\u0103 din neopren bufant\u0103 asimetric\u0103 neagr\u0103 - Inga Valerie\" \/>\n<meta property=\"og:description\" content=\"Geac\u0103 de dam\u0103 din neopren negru bufant\u0103 asimetric\u0103 cu detalii din blan\u0103 ecologic\u0103 neagr\u0103. Lungime midi. Guler \u00eenalt cu rever. \u00cenchidere frontal\u0103 pe diagonal\u0103 cu accesorii metalice. M\u00e2neci bufante lungi. Man\u0219ete late. Cordon din acela\u0219i material. Croial\u0103 - asimetric\u0103.  Culoare: Negru.  Compozi\u021bie: 100% Blan\u0103 ECO: 58% Modal 24 % Poliamid\u0103 5% L\u00e2n\u0103 10% M\u0103tase 3% Elastan. Polyester 92% Elastan 8%.  Modelul poart\u0103 m\u0103rimea 38.  Bust: 88 cm Inaltime: 178 cm Solduri: 92 cm Talie: 62 cm   VEZI TABELUL DE M\u0102RIMI   \u00ceNTREB\u0102RI-EMAIL\" \/>\n<meta property=\"og:url\" content=\"https:\/\/www.ingavalerie.com\/en\/product\/jacheta-dama-din-neopren-bufanta-asimetrica-neagra\/\" \/>\n<meta property=\"og:site_name\" content=\"Inga Valerie\" \/>\n<meta property=\"article:publisher\" content=\"https:\/\/www.facebook.com\/ingavalerie.ro\/?ref=br_rs\" \/>\n<meta property=\"article:modified_time\" content=\"2024-10-25T19:01:51+00:00\" \/>\n<meta property=\"og:image\" content=\"https:\/\/www.ingavalerie.com\/wp-content\/uploads\/2023\/04\/32.2.jpg\" \/>\n\t<meta property=\"og:image:width\" content=\"1200\" \/>\n\t<meta property=\"og:image:height\" content=\"1198\" \/>\n\t<meta property=\"og:image:type\" content=\"image\/jpeg\" \/>\n<meta name=\"twitter:card\" content=\"summary_large_image\" \/>\n<meta name=\"twitter:label1\" content=\"Est. reading time\" \/>\n\t<meta name=\"twitter:data1\" content=\"1 minute\" \/>\n<script type=\"application\/ld+json\" class=\"yoast-schema-graph\">{\"@context\":\"https:\/\/schema.org\",\"@graph\":[{\"@type\":\"WebPage\",\"@id\":\"https:\/\/www.ingavalerie.com\/product\/jacheta-dama-din-neopren-bufanta-asimetrica-neagra\/\",\"url\":\"https:\/\/www.ingavalerie.com\/product\/jacheta-dama-din-neopren-bufanta-asimetrica-neagra\/\",\"name\":\"Jachet\u0103 dam\u0103 din neopren bufant\u0103 asimetric\u0103 neagr\u0103 - Inga Valerie\",\"isPartOf\":{\"@id\":\"https:\/\/www.ingavalerie.com\/#website\"},\"primaryImageOfPage\":{\"@id\":\"https:\/\/www.ingavalerie.com\/product\/jacheta-dama-din-neopren-bufanta-asimetrica-neagra\/#primaryimage\"},\"image\":{\"@id\":\"https:\/\/www.ingavalerie.com\/product\/jacheta-dama-din-neopren-bufanta-asimetrica-neagra\/#primaryimage\"},\"thumbnailUrl\":\"https:\/\/www.ingavalerie.com\/wp-content\/uploads\/2023\/04\/32.2.jpg\",\"datePublished\":\"2023-04-17T14:53:20+00:00\",\"dateModified\":\"2024-10-25T19:01:51+00:00\",\"breadcrumb\":{\"@id\":\"https:\/\/www.ingavalerie.com\/product\/jacheta-dama-din-neopren-bufanta-asimetrica-neagra\/#breadcrumb\"},\"inLanguage\":\"en-US\",\"potentialAction\":[{\"@type\":\"ReadAction\",\"target\":[\"https:\/\/www.ingavalerie.com\/product\/jacheta-dama-din-neopren-bufanta-asimetrica-neagra\/\"]}]},{\"@type\":\"ImageObject\",\"inLanguage\":\"en-US\",\"@id\":\"https:\/\/www.ingavalerie.com\/product\/jacheta-dama-din-neopren-bufanta-asimetrica-neagra\/#primaryimage\",\"url\":\"https:\/\/www.ingavalerie.com\/wp-content\/uploads\/2023\/04\/32.2.jpg\",\"contentUrl\":\"https:\/\/www.ingavalerie.com\/wp-content\/uploads\/2023\/04\/32.2.jpg\",\"width\":1200,\"height\":1198},{\"@type\":\"BreadcrumbList\",\"@id\":\"https:\/\/www.ingavalerie.com\/product\/jacheta-dama-din-neopren-bufanta-asimetrica-neagra\/#breadcrumb\",\"itemListElement\":[{\"@type\":\"ListItem\",\"position\":1,\"name\":\"Prima pagin\u0103\",\"item\":\"https:\/\/www.ingavalerie.com\/\"},{\"@type\":\"ListItem\",\"position\":2,\"name\":\"Shop\",\"item\":\"https:\/\/www.ingavalerie.com\/shop\/\"},{\"@type\":\"ListItem\",\"position\":3,\"name\":\"Jachet\u0103 dam\u0103 din neopren bufant\u0103 asimetric\u0103 neagr\u0103\"}]},{\"@type\":\"WebSite\",\"@id\":\"https:\/\/www.ingavalerie.com\/#website\",\"url\":\"https:\/\/www.ingavalerie.com\/\",\"name\":\"Inga Valerie\",\"description\":\"Inga Valerie\",\"publisher\":{\"@id\":\"https:\/\/www.ingavalerie.com\/#organization\"},\"potentialAction\":[{\"@type\":\"SearchAction\",\"target\":{\"@type\":\"EntryPoint\",\"urlTemplate\":\"https:\/\/www.ingavalerie.com\/?s={search_term_string}\"},\"query-input\":\"required name=search_term_string\"}],\"inLanguage\":\"en-US\"},{\"@type\":\"Organization\",\"@id\":\"https:\/\/www.ingavalerie.com\/#organization\",\"name\":\"Inga Valerie\",\"url\":\"https:\/\/www.ingavalerie.com\/\",\"logo\":{\"@type\":\"ImageObject\",\"inLanguage\":\"en-US\",\"@id\":\"https:\/\/www.ingavalerie.com\/#\/schema\/logo\/image\/\",\"url\":\"https:\/\/www.ingavalerie.com\/wp-content\/uploads\/2022\/09\/Inga-Valerie-Black-Trademark-Logo.png\",\"contentUrl\":\"https:\/\/www.ingavalerie.com\/wp-content\/uploads\/2022\/09\/Inga-Valerie-Black-Trademark-Logo.png\",\"width\":1000,\"height\":534,\"caption\":\"Inga Valerie\"},\"image\":{\"@id\":\"https:\/\/www.ingavalerie.com\/#\/schema\/logo\/image\/\"},\"sameAs\":[\"https:\/\/www.facebook.com\/ingavalerie.ro\/?ref=br_rs\",\"https:\/\/www.instagram.com\/inga.valerie\/\",\"https:\/\/www.youtube.com\/channel\/UChFLSttydbrfvI1Wf2SZzaQ\"]}]}<\/script>\n<!-- \/ Yoast SEO plugin. -->","yoast_head_json":{"title":"Jachet\u0103 dam\u0103 din neopren bufant\u0103 asimetric\u0103 neagr\u0103 - Inga Valerie","robots":{"index":"index","follow":"follow","max-snippet":"max-snippet:-1","max-image-preview":"max-image-preview:large","max-video-preview":"max-video-preview:-1"},"canonical":"https:\/\/www.ingavalerie.com\/en\/product\/jacheta-dama-din-neopren-bufanta-asimetrica-neagra\/","og_locale":"en_US","og_type":"article","og_title":"Jachet\u0103 dam\u0103 din neopren bufant\u0103 asimetric\u0103 neagr\u0103 - Inga Valerie","og_description":"Geac\u0103 de dam\u0103 din neopren negru bufant\u0103 asimetric\u0103 cu detalii din blan\u0103 ecologic\u0103 neagr\u0103. Lungime midi. Guler \u00eenalt cu rever. \u00cenchidere frontal\u0103 pe diagonal\u0103 cu accesorii metalice. M\u00e2neci bufante lungi. Man\u0219ete late. Cordon din acela\u0219i material. Croial\u0103 - asimetric\u0103.  Culoare: Negru.  Compozi\u021bie: 100% Blan\u0103 ECO: 58% Modal 24 % Poliamid\u0103 5% L\u00e2n\u0103 10% M\u0103tase 3% Elastan. Polyester 92% Elastan 8%.  Modelul poart\u0103 m\u0103rimea 38.  Bust: 88 cm Inaltime: 178 cm Solduri: 92 cm Talie: 62 cm   VEZI TABELUL DE M\u0102RIMI   \u00ceNTREB\u0102RI-EMAIL","og_url":"https:\/\/www.ingavalerie.com\/en\/product\/jacheta-dama-din-neopren-bufanta-asimetrica-neagra\/","og_site_name":"Inga Valerie","article_publisher":"https:\/\/www.facebook.com\/ingavalerie.ro\/?ref=br_rs","article_modified_time":"2024-10-25T19:01:51+00:00","og_image":[{"width":1200,"height":1198,"url":"https:\/\/www.ingavalerie.com\/wp-content\/uploads\/2023\/04\/32.2.jpg","type":"image\/jpeg"}],"twitter_card":"summary_large_image","twitter_misc":{"Est. reading time":"1 minute"},"schema":{"@context":"https:\/\/schema.org","@graph":[{"@type":"WebPage","@id":"https:\/\/www.ingavalerie.com\/product\/jacheta-dama-din-neopren-bufanta-asimetrica-neagra\/","url":"https:\/\/www.ingavalerie.com\/product\/jacheta-dama-din-neopren-bufanta-asimetrica-neagra\/","name":"Jachet\u0103 dam\u0103 din neopren bufant\u0103 asimetric\u0103 neagr\u0103 - Inga Valerie","isPartOf":{"@id":"https:\/\/www.ingavalerie.com\/#website"},"primaryImageOfPage":{"@id":"https:\/\/www.ingavalerie.com\/product\/jacheta-dama-din-neopren-bufanta-asimetrica-neagra\/#primaryimage"},"image":{"@id":"https:\/\/www.ingavalerie.com\/product\/jacheta-dama-din-neopren-bufanta-asimetrica-neagra\/#primaryimage"},"thumbnailUrl":"https:\/\/www.ingavalerie.com\/wp-content\/uploads\/2023\/04\/32.2.jpg","datePublished":"2023-04-17T14:53:20+00:00","dateModified":"2024-10-25T19:01:51+00:00","breadcrumb":{"@id":"https:\/\/www.ingavalerie.com\/product\/jacheta-dama-din-neopren-bufanta-asimetrica-neagra\/#breadcrumb"},"inLanguage":"en-US","potentialAction":[{"@type":"ReadAction","target":["https:\/\/www.ingavalerie.com\/product\/jacheta-dama-din-neopren-bufanta-asimetrica-neagra\/"]}]},{"@type":"ImageObject","inLanguage":"en-US","@id":"https:\/\/www.ingavalerie.com\/product\/jacheta-dama-din-neopren-bufanta-asimetrica-neagra\/#primaryimage","url":"https:\/\/www.ingavalerie.com\/wp-content\/uploads\/2023\/04\/32.2.jpg","contentUrl":"https:\/\/www.ingavalerie.com\/wp-content\/uploads\/2023\/04\/32.2.jpg","width":1200,"height":1198},{"@type":"BreadcrumbList","@id":"https:\/\/www.ingavalerie.com\/product\/jacheta-dama-din-neopren-bufanta-asimetrica-neagra\/#breadcrumb","itemListElement":[{"@type":"ListItem","position":1,"name":"Prima pagin\u0103","item":"https:\/\/www.ingavalerie.com\/"},{"@type":"ListItem","position":2,"name":"Shop","item":"https:\/\/www.ingavalerie.com\/shop\/"},{"@type":"ListItem","position":3,"name":"Jachet\u0103 dam\u0103 din neopren bufant\u0103 asimetric\u0103 neagr\u0103"}]},{"@type":"WebSite","@id":"https:\/\/www.ingavalerie.com\/#website","url":"https:\/\/www.ingavalerie.com\/","name":"Inga Valerie","description":"Inga Valerie","publisher":{"@id":"https:\/\/www.ingavalerie.com\/#organization"},"potentialAction":[{"@type":"SearchAction","target":{"@type":"EntryPoint","urlTemplate":"https:\/\/www.ingavalerie.com\/?s={search_term_string}"},"query-input":"required name=search_term_string"}],"inLanguage":"en-US"},{"@type":"Organization","@id":"https:\/\/www.ingavalerie.com\/#organization","name":"Inga Valerie","url":"https:\/\/www.ingavalerie.com\/","logo":{"@type":"ImageObject","inLanguage":"en-US","@id":"https:\/\/www.ingavalerie.com\/#\/schema\/logo\/image\/","url":"https:\/\/www.ingavalerie.com\/wp-content\/uploads\/2022\/09\/Inga-Valerie-Black-Trademark-Logo.png","contentUrl":"https:\/\/www.ingavalerie.com\/wp-content\/uploads\/2022\/09\/Inga-Valerie-Black-Trademark-Logo.png","width":1000,"height":534,"caption":"Inga Valerie"},"image":{"@id":"https:\/\/www.ingavalerie.com\/#\/schema\/logo\/image\/"},"sameAs":["https:\/\/www.facebook.com\/ingavalerie.ro\/?ref=br_rs","https:\/\/www.instagram.com\/inga.valerie\/","https:\/\/www.youtube.com\/channel\/UChFLSttydbrfvI1Wf2SZzaQ"]}]}},"_links":{"self":[{"href":"https:\/\/www.ingavalerie.com\/en\/wp-json\/wp\/v2\/product\/21137"}],"collection":[{"href":"https:\/\/www.ingavalerie.com\/en\/wp-json\/wp\/v2\/product"}],"about":[{"href":"https:\/\/www.ingavalerie.com\/en\/wp-json\/wp\/v2\/types\/product"}],"wp:featuredmedia":[{"embeddable":true,"href":"https:\/\/www.ingavalerie.com\/en\/wp-json\/wp\/v2\/media\/21142"}],"wp:attachment":[{"href":"https:\/\/www.ingavalerie.com\/en\/wp-json\/wp\/v2\/media?parent=21137"}],"wp:term":[{"taxonomy":"product_cat","embeddable":true,"href":"https:\/\/www.ingavalerie.com\/en\/wp-json\/wp\/v2\/product_cat?post=21137"},{"taxonomy":"product_tag","embeddable":true,"href":"https:\/\/www.ingavalerie.com\/en\/wp-json\/wp\/v2\/product_tag?post=21137"}],"curies":[{"name":"wp","href":"https:\/\/api.w.org\/{rel}","templated":true}]}}